{"id":1458,"date":"2023-08-09T17:55:12","date_gmt":"2023-08-09T17:55:12","guid":{"rendered":"https:\/\/www.positeams.com\/?page_id=1458"},"modified":"2023-08-15T12:25:08","modified_gmt":"2023-08-15T12:25:08","slug":"demo","status":"publish","type":"page","link":"https:\/\/www.positeams.com\/en\/demo\/","title":{"rendered":"Demo"},"content":{"rendered":"<div data-elementor-type=\"wp-page\" data-elementor-id=\"1458\" class=\"elementor elementor-1458\">\n\t\t\t\t<div class=\"elementor-element elementor-element-22d4b3c e-grid e-con-boxed wpr-particle-no wpr-jarallax-no wpr-parallax-no wpr-sticky-section-no e-con e-parent\" data-id=\"22d4b3c\" data-element_type=\"container\">\n\t\t\t\t\t<div class=\"e-con-inner\">\n\t\t<div class=\"elementor-element elementor-element-a209194 e-flex e-con-boxed wpr-particle-no wpr-jarallax-no wpr-parallax-no wpr-sticky-section-no e-con e-parent\" data-id=\"a209194\" data-element_type=\"container\" data-settings=\"{&quot;background_background&quot;:&quot;classic&quot;}\">\n\t\t\t\t\t<div class=\"e-con-inner\">\n\t\t\t\t<div class=\"elementor-element elementor-element-be8563c elementor-widget elementor-widget-heading\" data-id=\"be8563c\" data-element_type=\"widget\" data-widget_type=\"heading.default\">\n\t\t\t\t<div class=\"elementor-widget-container\">\n\t\t\t<h2 class=\"elementor-heading-title elementor-size-default\">Schedule a demo<\/h2>\t\t<\/div>\n\t\t\t\t<\/div>\n\t\t\t\t<div class=\"elementor-element elementor-element-c9af5fa elementor-widget elementor-widget-heading\" data-id=\"c9af5fa\" data-element_type=\"widget\" data-widget_type=\"heading.default\">\n\t\t\t\t<div class=\"elementor-widget-container\">\n\t\t\t<div class=\"elementor-heading-title elementor-size-default\">Empower yourself with the premier platform for employee engagement management!<\/div>\t\t<\/div>\n\t\t\t\t<\/div>\n\t\t\t\t<div class=\"elementor-element elementor-element-79c688e elementor-widget elementor-widget-wpforms\" data-id=\"79c688e\" data-element_type=\"widget\" data-widget_type=\"wpforms.default\">\n\t\t\t\t<div class=\"elementor-widget-container\">\n\t\t\t<style id=\"wpforms-css-vars-root\">\n\t\t\t\t:root {\n\t\t\t\t\t--wpforms-field-border-radius: 3px;\n--wpforms-field-border-style: solid;\n--wpforms-field-border-size: 1px;\n--wpforms-field-background-color: #ffffff;\n--wpforms-field-border-color: rgba( 0, 0, 0, 0.25 );\n--wpforms-field-border-color-spare: rgba( 0, 0, 0, 0.25 );\n--wpforms-field-text-color: rgba( 0, 0, 0, 0.7 );\n--wpforms-field-menu-color: #ffffff;\n--wpforms-label-color: rgba( 0, 0, 0, 0.85 );\n--wpforms-label-sublabel-color: rgba( 0, 0, 0, 0.55 );\n--wpforms-label-error-color: #d63637;\n--wpforms-button-border-radius: 3px;\n--wpforms-button-border-style: none;\n--wpforms-button-border-size: 1px;\n--wpforms-button-background-color: #066aab;\n--wpforms-button-border-color: #066aab;\n--wpforms-button-text-color: #ffffff;\n--wpforms-page-break-color: #066aab;\n--wpforms-background-image: none;\n--wpforms-background-position: center center;\n--wpforms-background-repeat: no-repeat;\n--wpforms-background-size: cover;\n--wpforms-background-width: 100px;\n--wpforms-background-height: 100px;\n--wpforms-background-color: rgba( 0, 0, 0, 0 );\n--wpforms-background-url: none;\n--wpforms-container-padding: 0px;\n--wpforms-container-border-style: none;\n--wpforms-container-border-width: 1px;\n--wpforms-container-border-color: #000000;\n--wpforms-container-border-radius: 3px;\n--wpforms-field-size-input-height: 43px;\n--wpforms-field-size-input-spacing: 15px;\n--wpforms-field-size-font-size: 16px;\n--wpforms-field-size-line-height: 19px;\n--wpforms-field-size-padding-h: 14px;\n--wpforms-field-size-checkbox-size: 16px;\n--wpforms-field-size-sublabel-spacing: 5px;\n--wpforms-field-size-icon-size: 1;\n--wpforms-label-size-font-size: 16px;\n--wpforms-label-size-line-height: 19px;\n--wpforms-label-size-sublabel-font-size: 14px;\n--wpforms-label-size-sublabel-line-height: 17px;\n--wpforms-button-size-font-size: 17px;\n--wpforms-button-size-height: 41px;\n--wpforms-button-size-padding-h: 15px;\n--wpforms-button-size-margin-top: 10px;\n--wpforms-container-shadow-size-box-shadow: none;\n\n\t\t\t\t}\n\t\t\t<\/style><div class=\"wpforms-container wpforms-render-modern\" id=\"wpforms-1813\"><form id=\"wpforms-form-1813\" class=\"wpforms-validate wpforms-form wpforms-ajax-form\" data-formid=\"1813\" method=\"post\" enctype=\"multipart\/form-data\" action=\"\/en\/wp-json\/wp\/v2\/pages\/1458\" data-token=\"ae92956939d7801e409f1e8a290dd7ce\" data-token-time=\"1777980586\" data-trp-original-action=\"\/en\/wp-json\/wp\/v2\/pages\/1458\"><noscript class=\"wpforms-error-noscript\">Please enable JavaScript in your browser to complete this form.<\/noscript><div class=\"wpforms-hidden\" id=\"wpforms-error-noscript\">Please enable JavaScript in your browser to complete this form.<\/div><div class=\"wpforms-field-container\"><div id=\"wpforms-1813-field_4-container\" class=\"wpforms-field wpforms-field-text wpforms-one-half wpforms-first\" data-field-id=\"4\"><label class=\"wpforms-field-label\" for=\"wpforms-1813-field_4\">First and last name <span class=\"wpforms-required-label\" aria-hidden=\"true\">*<\/span><\/label><input type=\"text\" id=\"wpforms-1813-field_4\" class=\"wpforms-field-large wpforms-field-required\" name=\"wpforms[fields][4]\" aria-errormessage=\"wpforms-1813-field_4-error\" required><\/div><div id=\"wpforms-1813-field_6-container\" class=\"wpforms-field wpforms-field-email wpforms-one-half\" data-field-id=\"6\"><label class=\"wpforms-field-label\" for=\"wpforms-1813-field_6\">Business email <span class=\"wpforms-required-label\" aria-hidden=\"true\">*<\/span><\/label><input type=\"email\" id=\"wpforms-1813-field_6\" class=\"wpforms-field-large wpforms-field-required\" name=\"wpforms[fields][6]\" spellcheck=\"false\" aria-errormessage=\"wpforms-1813-field_6-error\" required><\/div><div id=\"wpforms-1813-field_10-container\" class=\"wpforms-field wpforms-field-text wpforms-one-half wpforms-first\" data-field-id=\"10\"><label class=\"wpforms-field-label\" for=\"wpforms-1813-field_10\">Phone <span class=\"wpforms-required-label\" aria-hidden=\"true\">*<\/span><\/label><input type=\"text\" id=\"wpforms-1813-field_10\" class=\"wpforms-field-large wpforms-field-required\" name=\"wpforms[fields][10]\" aria-errormessage=\"wpforms-1813-field_10-error\" required><\/div><div id=\"wpforms-1813-field_9-container\" class=\"wpforms-field wpforms-field-text wpforms-one-half\" data-field-id=\"9\"><label class=\"wpforms-field-label\" for=\"wpforms-1813-field_9\">Company name <span class=\"wpforms-required-label\" aria-hidden=\"true\">*<\/span><\/label><input type=\"text\" id=\"wpforms-1813-field_9\" class=\"wpforms-field-large wpforms-field-required\" name=\"wpforms[fields][9]\" aria-errormessage=\"wpforms-1813-field_9-error\" required><\/div><\/div><!-- .wpforms-field-container --><div class=\"wpforms-recaptcha-container wpforms-is-recaptcha wpforms-is-recaptcha-type-v2\" ><div class=\"g-recaptcha\" data-sitekey=\"6Lf3K6cnAAAAADB1XLtPHX8KSd209-1kLrMonDOd\"><\/div><input type=\"text\" name=\"g-recaptcha-hidden\" class=\"wpforms-recaptcha-hidden\" style=\"position:absolute!important;clip:rect(0,0,0,0)!important;height:1px!important;width:1px!important;border:0!important;overflow:hidden!important;padding:0!important;margin:0!important;\" data-rule-recaptcha=\"1\"><\/div><div class=\"wpforms-submit-container\" ><input type=\"hidden\" name=\"wpforms[id]\" value=\"1813\"><input type=\"hidden\" name=\"page_title\" value=\"\"><input type=\"hidden\" name=\"page_url\" value=\"https:\/\/www.positeams.com\/en\/wp-json\/wp\/v2\/pages\/1458\"><button type=\"submit\" name=\"wpforms[submit]\" id=\"wpforms-submit-1813\" class=\"wpforms-submit\" data-alt-text=\"Envoi en cours...\" data-submit-text=\"Demandez une d\u00e9mo\" aria-live=\"assertive\" value=\"wpforms-submit\">Schedule a demo<\/button><img decoding=\"async\" src=\"https:\/\/www.positeams.com\/wp-content\/plugins\/wpforms-lite\/assets\/images\/submit-spin.svg\" class=\"wpforms-submit-spinner\" style=\"display: none;\" width=\"26\" height=\"26\" alt=\"Loading\"><\/div><input type=\"hidden\" name=\"trp-form-language\" value=\"en\"\/><\/form><\/div>  <!-- .wpforms-container -->\t\t<\/div>\n\t\t\t\t<\/div>\n\t\t\t\t\t<\/div>\n\t\t\t\t<\/div>\n\t\t<div class=\"elementor-element elementor-element-f018714 e-flex e-con-boxed wpr-particle-no wpr-jarallax-no wpr-parallax-no wpr-sticky-section-no e-con e-parent\" data-id=\"f018714\" data-element_type=\"container\">\n\t\t\t\t\t<div class=\"e-con-inner\">\n\t\t\t\t<div class=\"elementor-element elementor-element-5d7a87e elementor-widget elementor-widget-heading\" data-id=\"5d7a87e\" data-element_type=\"widget\" data-widget_type=\"heading.default\">\n\t\t\t\t<div class=\"elementor-widget-container\">\n\t\t\t<h2 class=\"elementor-heading-title elementor-size-default\">Talk to an expert<\/h2>\t\t<\/div>\n\t\t\t\t<\/div>\n\t\t\t\t<div class=\"elementor-element elementor-element-b9007d2 elementor-widget elementor-widget-heading\" data-id=\"b9007d2\" data-element_type=\"widget\" data-widget_type=\"heading.default\">\n\t\t\t\t<div class=\"elementor-widget-container\">\n\t\t\t<h5 class=\"elementor-heading-title elementor-size-default\">Schedule a 30-minute call with one of our employee engagement experts to:<\/h5>\t\t<\/div>\n\t\t\t\t<\/div>\n\t\t\t\t<div class=\"elementor-element elementor-element-c8f75f2 elementor-icon-list--layout-traditional elementor-list-item-link-full_width elementor-widget elementor-widget-icon-list\" data-id=\"c8f75f2\" data-element_type=\"widget\" data-widget_type=\"icon-list.default\">\n\t\t\t\t<div class=\"elementor-widget-container\">\n\t\t\t\t\t<ul class=\"elementor-icon-list-items\">\n\t\t\t\t\t\t\t<li class=\"elementor-icon-list-item\">\n\t\t\t\t\t\t\t\t\t\t\t<span class=\"elementor-icon-list-icon\">\n\t\t\t\t\t\t\t<svg aria-hidden=\"true\" class=\"e-font-icon-svg e-fas-check\" viewbox=\"0 0 512 512\" xmlns=\"http:\/\/www.w3.org\/2000\/svg\"><path d=\"M173.898 439.404l-166.4-166.4c-9.997-9.997-9.997-26.206 0-36.204l36.203-36.204c9.997-9.998 26.207-9.998 36.204 0L192 312.69 432.095 72.596c9.997-9.997 26.207-9.997 36.204 0l36.203 36.204c9.997 9.997 9.997 26.206 0 36.204l-294.4 294.401c-9.998 9.997-26.207 9.997-36.204-.001z\"><\/path><\/svg>\t\t\t\t\t\t<\/span>\n\t\t\t\t\t\t\t\t\t\t<span class=\"elementor-icon-list-text\">Assist you in your engagement management initiatives<\/span>\n\t\t\t\t\t\t\t\t\t<\/li>\n\t\t\t\t\t\t\t\t<li class=\"elementor-icon-list-item\">\n\t\t\t\t\t\t\t\t\t\t\t<span class=\"elementor-icon-list-icon\">\n\t\t\t\t\t\t\t<svg aria-hidden=\"true\" class=\"e-font-icon-svg e-fas-check\" viewbox=\"0 0 512 512\" xmlns=\"http:\/\/www.w3.org\/2000\/svg\"><path d=\"M173.898 439.404l-166.4-166.4c-9.997-9.997-9.997-26.206 0-36.204l36.203-36.204c9.997-9.998 26.207-9.998 36.204 0L192 312.69 432.095 72.596c9.997-9.997 26.207-9.997 36.204 0l36.203 36.204c9.997 9.997 9.997 26.206 0 36.204l-294.4 294.401c-9.998 9.997-26.207 9.997-36.204-.001z\"><\/path><\/svg>\t\t\t\t\t\t<\/span>\n\t\t\t\t\t\t\t\t\t\t<span class=\"elementor-icon-list-text\">To understand your current HR challenges and help you solve them<\/span>\n\t\t\t\t\t\t\t\t\t<\/li>\n\t\t\t\t\t\t\t\t<li class=\"elementor-icon-list-item\">\n\t\t\t\t\t\t\t\t\t\t\t<span class=\"elementor-icon-list-icon\">\n\t\t\t\t\t\t\t<svg aria-hidden=\"true\" class=\"e-font-icon-svg e-fas-check\" viewbox=\"0 0 512 512\" xmlns=\"http:\/\/www.w3.org\/2000\/svg\"><path d=\"M173.898 439.404l-166.4-166.4c-9.997-9.997-9.997-26.206 0-36.204l36.203-36.204c9.997-9.998 26.207-9.998 36.204 0L192 312.69 432.095 72.596c9.997-9.997 26.207-9.997 36.204 0l36.203 36.204c9.997 9.997 9.997 26.206 0 36.204l-294.4 294.401c-9.998 9.997-26.207 9.997-36.204-.001z\"><\/path><\/svg>\t\t\t\t\t\t<\/span>\n\t\t\t\t\t\t\t\t\t\t<span class=\"elementor-icon-list-text\">To give you a tour of our platform<\/span>\n\t\t\t\t\t\t\t\t\t<\/li>\n\t\t\t\t\t\t<\/ul>\n\t\t\t\t<\/div>\n\t\t\t\t<\/div>\n\t\t\t\t<div class=\"elementor-element elementor-element-3986176 wpr-advanced-text-style-highlighted wpr-animated-text-infinite-yes elementor-widget elementor-widget-wpr-advanced-text\" data-id=\"3986176\" data-element_type=\"widget\" data-settings=\"{&quot;anim_loop&quot;:&quot;yes&quot;}\" data-widget_type=\"wpr-advanced-text.default\">\n\t\t\t\t<div class=\"elementor-widget-container\">\n\t\t\t\n\t\t<h3 class=\"wpr-advanced-text translation-block\"><span class=\"wpr-advanced-text-preffix\">Used by more than<\/span>\n\t\t\t\n\t\t<span class=\"wpr-highlighted-text\">\n\t\t\t\t\t\n\t\t\t<span class=\"wpr-highlighted-text-inner\">20000 employees<\/span>\n\n\t\t\t\n\t\t\t\t\t\t\t\t\n\t\t\t\t\t\t\t\n\t\t\t\t\t<\/span><\/h3>\n\t\t\n\t\t\t\t<\/div>\n\t\t\t\t<\/div>\n\t\t<div class=\"elementor-element elementor-element-e2d5eb8 e-grid e-con-boxed wpr-particle-no wpr-jarallax-no wpr-parallax-no wpr-sticky-section-no e-con e-parent\" data-id=\"e2d5eb8\" data-element_type=\"container\">\n\t\t\t\t\t<div class=\"e-con-inner\">\n\t\t\t\t<div class=\"elementor-element elementor-element-3966183 elementor-widget__width-auto elementor-widget elementor-widget-image\" data-id=\"3966183\" data-element_type=\"widget\" data-widget_type=\"image.default\">\n\t\t\t\t<div class=\"elementor-widget-container\">\n\t\t\t\t\t\t\t\t\t\t\t\t\t<img fetchpriority=\"high\" decoding=\"async\" width=\"300\" height=\"276\" src=\"https:\/\/www.positeams.com\/wp-content\/uploads\/2023\/08\/attijariwafa-bank-logo-C08B67AB15-seeklogo.com_.png\" class=\"attachment-large size-large wp-image-1822\" alt=\"\" \/>\t\t\t\t\t\t\t\t\t\t\t\t\t<\/div>\n\t\t\t\t<\/div>\n\t\t\t\t<div class=\"elementor-element elementor-element-e8182a6 elementor-widget__width-initial elementor-widget elementor-widget-image\" data-id=\"e8182a6\" data-element_type=\"widget\" data-widget_type=\"image.default\">\n\t\t\t\t<div class=\"elementor-widget-container\">\n\t\t\t\t\t\t\t\t\t\t\t\t\t<img decoding=\"async\" width=\"300\" height=\"65\" src=\"https:\/\/www.positeams.com\/wp-content\/uploads\/2023\/08\/inwi-logo.png\" class=\"attachment-large size-large wp-image-1823\" alt=\"\" \/>\t\t\t\t\t\t\t\t\t\t\t\t\t<\/div>\n\t\t\t\t<\/div>\n\t\t\t\t\t<\/div>\n\t\t\t\t<\/div>\n\t\t\t\t\t<\/div>\n\t\t\t\t<\/div>\n\t\t\t\t\t<\/div>\n\t\t\t\t<\/div>\n\t\t\t\t<\/div>","protected":false},"excerpt":{"rendered":"<p>Demandez une d\u00e9mo Equipez vous de la plateforme ultime de gestion d&rsquo;engagement de salari\u00e9s! Parlez \u00e0 un expert Programmez un appel de 30 min. avec un de nos experts en engagement salari\u00e9s pour: Vous assister dans votre gestion d&rsquo;engagement Comprendre vos d\u00e9fis RH et vous aider \u00e0 les r\u00e9soudre Vous faire un tour personnalis\u00e9 de &hellip;<\/p>\n<p class=\"read-more\"> <a class=\"\" href=\"https:\/\/www.positeams.com\/en\/demo\/\"> <span class=\"screen-reader-text\">Demo<\/span> Read More &raquo;<\/a><\/p>","protected":false},"author":1,"featured_media":0,"parent":0,"menu_order":0,"comment_status":"closed","ping_status":"closed","template":"","meta":{"_monsterinsights_skip_tracking":false,"_monsterinsights_sitenote_active":false,"_monsterinsights_sitenote_note":"","_monsterinsights_sitenote_category":0,"site-sidebar-layout":"no-sidebar","site-content-layout":"page-builder","ast-global-header-display":"disabled","ast-banner-title-visibility":"","ast-main-header-display":"","ast-hfb-above-header-display":"","ast-hfb-below-header-display":"","ast-hfb-mobile-header-display":"","site-post-title":"disabled","ast-breadcrumbs-content":"","ast-featured-img":"disabled","footer-sml-layout":"disabled","theme-transparent-header-meta":"","adv-header-id-meta":"","stick-header-meta":"","header-above-stick-meta":"","header-main-stick-meta":"","header-below-stick-meta":"","footnotes":""},"class_list":["post-1458","page","type-page","status-publish","hentry"],"yoast_head":"<!-- This site is optimized with the Yoast SEO plugin v23.8 - https:\/\/yoast.com\/wordpress\/plugins\/seo\/ -->\n<title>Demo - Positeams: Plateforme Engagement Collaborateurs<\/title>\n<meta name=\"robots\" content=\"index, follow, max-snippet:-1, max-image-preview:large, max-video-preview:-1\" \/>\n<link rel=\"canonical\" href=\"https:\/\/www.positeams.com\/en\/demo\/\" \/>\n<meta property=\"og:locale\" content=\"en_US\" \/>\n<meta property=\"og:type\" content=\"article\" \/>\n<meta property=\"og:title\" content=\"Demo - Positeams: Plateforme Engagement Collaborateurs\" \/>\n<meta property=\"og:description\" content=\"Demandez une d\u00e9mo Equipez vous de la plateforme ultime de gestion d&rsquo;engagement de salari\u00e9s! Parlez \u00e0 un expert Programmez un appel de 30 min. avec un de nos experts en engagement salari\u00e9s pour: Vous assister dans votre gestion d&rsquo;engagement Comprendre vos d\u00e9fis RH et vous aider \u00e0 les r\u00e9soudre Vous faire un tour personnalis\u00e9 de &hellip; Demo Read More &raquo;\" \/>\n<meta property=\"og:url\" content=\"https:\/\/www.positeams.com\/en\/demo\/\" \/>\n<meta property=\"og:site_name\" content=\"Positeams: Plateforme Engagement Collaborateurs\" \/>\n<meta property=\"article:modified_time\" content=\"2023-08-15T12:25:08+00:00\" \/>\n<meta property=\"og:image\" content=\"https:\/\/www.positeams.com\/wp-content\/uploads\/2023\/08\/attijariwafa-bank-logo-C08B67AB15-seeklogo.com_.png\" \/>\n<meta name=\"twitter:card\" content=\"summary_large_image\" \/>\n<script type=\"application\/ld+json\" class=\"yoast-schema-graph\">{\"@context\":\"https:\/\/schema.org\",\"@graph\":[{\"@type\":\"WebPage\",\"@id\":\"https:\/\/www.positeams.com\/en\/demo\/\",\"url\":\"https:\/\/www.positeams.com\/en\/demo\/\",\"name\":\"Demo - Positeams: Plateforme Engagement Collaborateurs\",\"isPartOf\":{\"@id\":\"https:\/\/www.positeams.com\/en\/#website\"},\"primaryImageOfPage\":{\"@id\":\"https:\/\/www.positeams.com\/en\/demo\/#primaryimage\"},\"image\":{\"@id\":\"https:\/\/www.positeams.com\/en\/demo\/#primaryimage\"},\"thumbnailUrl\":\"https:\/\/www.positeams.com\/wp-content\/uploads\/2023\/08\/attijariwafa-bank-logo-C08B67AB15-seeklogo.com_.png\",\"datePublished\":\"2023-08-09T17:55:12+00:00\",\"dateModified\":\"2023-08-15T12:25:08+00:00\",\"breadcrumb\":{\"@id\":\"https:\/\/www.positeams.com\/en\/demo\/#breadcrumb\"},\"inLanguage\":\"en-US\",\"potentialAction\":[{\"@type\":\"ReadAction\",\"target\":[\"https:\/\/www.positeams.com\/en\/demo\/\"]}]},{\"@type\":\"ImageObject\",\"inLanguage\":\"en-US\",\"@id\":\"https:\/\/www.positeams.com\/en\/demo\/#primaryimage\",\"url\":\"https:\/\/www.positeams.com\/wp-content\/uploads\/2023\/08\/attijariwafa-bank-logo-C08B67AB15-seeklogo.com_.png\",\"contentUrl\":\"https:\/\/www.positeams.com\/wp-content\/uploads\/2023\/08\/attijariwafa-bank-logo-C08B67AB15-seeklogo.com_.png\"},{\"@type\":\"BreadcrumbList\",\"@id\":\"https:\/\/www.positeams.com\/en\/demo\/#breadcrumb\",\"itemListElement\":[{\"@type\":\"ListItem\",\"position\":1,\"name\":\"Home\",\"item\":\"https:\/\/www.positeams.com\/\"},{\"@type\":\"ListItem\",\"position\":2,\"name\":\"Demo\"}]},{\"@type\":\"WebSite\",\"@id\":\"https:\/\/www.positeams.com\/en\/#website\",\"url\":\"https:\/\/www.positeams.com\/en\/\",\"name\":\"Positeams: Plateforme Engagement Collaborateurs\",\"description\":\"Positeams est une plateforme de gestion d&#039;engagement des salari\u00e9s.\",\"publisher\":{\"@id\":\"https:\/\/www.positeams.com\/en\/#organization\"},\"potentialAction\":[{\"@type\":\"SearchAction\",\"target\":{\"@type\":\"EntryPoint\",\"urlTemplate\":\"https:\/\/www.positeams.com\/en\/?s={search_term_string}\"},\"query-input\":{\"@type\":\"PropertyValueSpecification\",\"valueRequired\":true,\"valueName\":\"search_term_string\"}}],\"inLanguage\":\"en-US\"},{\"@type\":\"Organization\",\"@id\":\"https:\/\/www.positeams.com\/en\/#organization\",\"name\":\"Positeams\",\"url\":\"https:\/\/www.positeams.com\/en\/\",\"logo\":{\"@type\":\"ImageObject\",\"inLanguage\":\"en-US\",\"@id\":\"https:\/\/www.positeams.com\/en\/#\/schema\/logo\/image\/\",\"url\":\"https:\/\/www.positeams.com\/wp-content\/uploads\/2023\/07\/positeams_logo.png\",\"contentUrl\":\"https:\/\/www.positeams.com\/wp-content\/uploads\/2023\/07\/positeams_logo.png\",\"width\":400,\"height\":75,\"caption\":\"Positeams\"},\"image\":{\"@id\":\"https:\/\/www.positeams.com\/en\/#\/schema\/logo\/image\/\"},\"sameAs\":[\"https:\/\/www.linkedin.com\/company\/positeams\"]}]}<\/script>\n<!-- \/ Yoast SEO plugin. -->","yoast_head_json":{"title":"Demo - Positeams: Plateforme Engagement Collaborateurs","robots":{"index":"index","follow":"follow","max-snippet":"max-snippet:-1","max-image-preview":"max-image-preview:large","max-video-preview":"max-video-preview:-1"},"canonical":"https:\/\/www.positeams.com\/en\/demo\/","og_locale":"en_US","og_type":"article","og_title":"Demo - Positeams: Plateforme Engagement Collaborateurs","og_description":"Demandez une d\u00e9mo Equipez vous de la plateforme ultime de gestion d&rsquo;engagement de salari\u00e9s! Parlez \u00e0 un expert Programmez un appel de 30 min. avec un de nos experts en engagement salari\u00e9s pour: Vous assister dans votre gestion d&rsquo;engagement Comprendre vos d\u00e9fis RH et vous aider \u00e0 les r\u00e9soudre Vous faire un tour personnalis\u00e9 de &hellip; Demo Read More &raquo;","og_url":"https:\/\/www.positeams.com\/en\/demo\/","og_site_name":"Positeams: Plateforme Engagement Collaborateurs","article_modified_time":"2023-08-15T12:25:08+00:00","og_image":[{"url":"https:\/\/www.positeams.com\/wp-content\/uploads\/2023\/08\/attijariwafa-bank-logo-C08B67AB15-seeklogo.com_.png"}],"twitter_card":"summary_large_image","schema":{"@context":"https:\/\/schema.org","@graph":[{"@type":"WebPage","@id":"https:\/\/www.positeams.com\/en\/demo\/","url":"https:\/\/www.positeams.com\/en\/demo\/","name":"Demo - Positeams: Plateforme Engagement Collaborateurs","isPartOf":{"@id":"https:\/\/www.positeams.com\/en\/#website"},"primaryImageOfPage":{"@id":"https:\/\/www.positeams.com\/en\/demo\/#primaryimage"},"image":{"@id":"https:\/\/www.positeams.com\/en\/demo\/#primaryimage"},"thumbnailUrl":"https:\/\/www.positeams.com\/wp-content\/uploads\/2023\/08\/attijariwafa-bank-logo-C08B67AB15-seeklogo.com_.png","datePublished":"2023-08-09T17:55:12+00:00","dateModified":"2023-08-15T12:25:08+00:00","breadcrumb":{"@id":"https:\/\/www.positeams.com\/en\/demo\/#breadcrumb"},"inLanguage":"en-US","potentialAction":[{"@type":"ReadAction","target":["https:\/\/www.positeams.com\/en\/demo\/"]}]},{"@type":"ImageObject","inLanguage":"en-US","@id":"https:\/\/www.positeams.com\/en\/demo\/#primaryimage","url":"https:\/\/www.positeams.com\/wp-content\/uploads\/2023\/08\/attijariwafa-bank-logo-C08B67AB15-seeklogo.com_.png","contentUrl":"https:\/\/www.positeams.com\/wp-content\/uploads\/2023\/08\/attijariwafa-bank-logo-C08B67AB15-seeklogo.com_.png"},{"@type":"BreadcrumbList","@id":"https:\/\/www.positeams.com\/en\/demo\/#breadcrumb","itemListElement":[{"@type":"ListItem","position":1,"name":"Home","item":"https:\/\/www.positeams.com\/"},{"@type":"ListItem","position":2,"name":"Demo"}]},{"@type":"WebSite","@id":"https:\/\/www.positeams.com\/en\/#website","url":"https:\/\/www.positeams.com\/en\/","name":"Positeams: Plateforme Engagement Collaborateurs","description":"Positeams est une plateforme de gestion d&#039;engagement des salari\u00e9s.","publisher":{"@id":"https:\/\/www.positeams.com\/en\/#organization"},"potentialAction":[{"@type":"SearchAction","target":{"@type":"EntryPoint","urlTemplate":"https:\/\/www.positeams.com\/en\/?s={search_term_string}"},"query-input":{"@type":"PropertyValueSpecification","valueRequired":true,"valueName":"search_term_string"}}],"inLanguage":"en-US"},{"@type":"Organization","@id":"https:\/\/www.positeams.com\/en\/#organization","name":"Positeams","url":"https:\/\/www.positeams.com\/en\/","logo":{"@type":"ImageObject","inLanguage":"en-US","@id":"https:\/\/www.positeams.com\/en\/#\/schema\/logo\/image\/","url":"https:\/\/www.positeams.com\/wp-content\/uploads\/2023\/07\/positeams_logo.png","contentUrl":"https:\/\/www.positeams.com\/wp-content\/uploads\/2023\/07\/positeams_logo.png","width":400,"height":75,"caption":"Positeams"},"image":{"@id":"https:\/\/www.positeams.com\/en\/#\/schema\/logo\/image\/"},"sameAs":["https:\/\/www.linkedin.com\/company\/positeams"]}]}},"_links":{"self":[{"href":"https:\/\/www.positeams.com\/en\/wp-json\/wp\/v2\/pages\/1458","targetHints":{"allow":["GET"]}}],"collection":[{"href":"https:\/\/www.positeams.com\/en\/wp-json\/wp\/v2\/pages"}],"about":[{"href":"https:\/\/www.positeams.com\/en\/wp-json\/wp\/v2\/types\/page"}],"author":[{"embeddable":true,"href":"https:\/\/www.positeams.com\/en\/wp-json\/wp\/v2\/users\/1"}],"replies":[{"embeddable":true,"href":"https:\/\/www.positeams.com\/en\/wp-json\/wp\/v2\/comments?post=1458"}],"version-history":[{"count":59,"href":"https:\/\/www.positeams.com\/en\/wp-json\/wp\/v2\/pages\/1458\/revisions"}],"predecessor-version":[{"id":2299,"href":"https:\/\/www.positeams.com\/en\/wp-json\/wp\/v2\/pages\/1458\/revisions\/2299"}],"wp:attachment":[{"href":"https:\/\/www.positeams.com\/en\/wp-json\/wp\/v2\/media?parent=1458"}],"curies":[{"name":"wp","href":"https:\/\/api.w.org\/{rel}","templated":true}]}}