{"id":1589,"date":"2023-08-10T19:03:56","date_gmt":"2023-08-10T19:03:56","guid":{"rendered":"https:\/\/www.positeams.com\/?page_id=1589"},"modified":"2023-08-23T17:23:54","modified_gmt":"2023-08-23T17:23:54","slug":"listen","status":"publish","type":"page","link":"https:\/\/www.positeams.com\/en\/listen\/","title":{"rendered":"Listen"},"content":{"rendered":"<div data-elementor-type=\"wp-page\" data-elementor-id=\"1589\" class=\"elementor elementor-1589\">\n\t\t\t\t<div class=\"elementor-element elementor-element-53bd6ae e-flex e-con-boxed wpr-particle-no wpr-jarallax-no wpr-parallax-no wpr-sticky-section-no e-con e-parent\" data-id=\"53bd6ae\" data-element_type=\"container\" data-settings=\"{&quot;background_background&quot;:&quot;gradient&quot;}\">\n\t\t\t\t\t<div class=\"e-con-inner\">\n\t\t<div class=\"elementor-element elementor-element-9d45c51 e-flex e-con-boxed wpr-particle-no wpr-jarallax-no wpr-parallax-no wpr-sticky-section-no e-con e-parent\" data-id=\"9d45c51\" data-element_type=\"container\">\n\t\t\t\t\t<div class=\"e-con-inner\">\n\t\t\t\t<div class=\"elementor-element elementor-element-b19fa75 elementor-view-stacked elementor-shape-circle elementor-widget elementor-widget-icon\" data-id=\"b19fa75\" data-element_type=\"widget\" data-widget_type=\"icon.default\">\n\t\t\t\t<div class=\"elementor-widget-container\">\n\t\t\t\t\t<div class=\"elementor-icon-wrapper\">\n\t\t\t<div class=\"elementor-icon\">\n\t\t\t<svg aria-hidden=\"true\" class=\"e-font-icon-svg e-fas-comments\" viewbox=\"0 0 576 512\" xmlns=\"http:\/\/www.w3.org\/2000\/svg\"><path d=\"M416 192c0-88.4-93.1-160-208-160S0 103.6 0 192c0 34.3 14.1 65.9 38 92-13.4 30.2-35.5 54.2-35.8 54.5-2.2 2.3-2.8 5.7-1.5 8.7S4.8 352 8 352c36.6 0 66.9-12.3 88.7-25 32.2 15.7 70.3 25 111.3 25 114.9 0 208-71.6 208-160zm122 220c23.9-26 38-57.7 38-92 0-66.9-53.5-124.2-129.3-148.1.9 6.6 1.3 13.3 1.3 20.1 0 105.9-107.7 192-240 192-10.8 0-21.3-.8-31.7-1.9C207.8 439.6 281.8 480 368 480c41 0 79.1-9.2 111.3-25 21.8 12.7 52.1 25 88.7 25 3.2 0 6.1-1.9 7.3-4.8 1.3-2.9.7-6.3-1.5-8.7-.3-.3-22.4-24.2-35.8-54.5z\"><\/path><\/svg>\t\t\t<\/div>\n\t\t<\/div>\n\t\t\t\t<\/div>\n\t\t\t\t<\/div>\n\t\t\t\t<div class=\"elementor-element elementor-element-2aeac34 elementor-widget elementor-widget-heading\" data-id=\"2aeac34\" data-element_type=\"widget\" data-widget_type=\"heading.default\">\n\t\t\t\t<div class=\"elementor-widget-container\">\n\t\t\t<h4 class=\"elementor-heading-title elementor-size-default\">Listen<\/h4>\t\t<\/div>\n\t\t\t\t<\/div>\n\t\t\t\t\t<\/div>\n\t\t\t\t<\/div>\n\t\t<div class=\"elementor-element elementor-element-bb635cc e-grid e-con-boxed wpr-particle-no wpr-jarallax-no wpr-parallax-no wpr-sticky-section-no e-con e-parent\" data-id=\"bb635cc\" data-element_type=\"container\">\n\t\t\t\t\t<div class=\"e-con-inner\">\n\t\t<div class=\"elementor-element elementor-element-965a494 e-flex e-con-boxed wpr-particle-no wpr-jarallax-no wpr-parallax-no wpr-sticky-section-no e-con e-parent\" data-id=\"965a494\" data-element_type=\"container\">\n\t\t\t\t\t<div class=\"e-con-inner\">\n\t\t\t\t<div class=\"elementor-element elementor-element-c65bf00 elementor-widget__width-initial elementor-widget elementor-widget-heading\" data-id=\"c65bf00\" data-element_type=\"widget\" data-widget_type=\"heading.default\">\n\t\t\t\t<div class=\"elementor-widget-container\">\n\t\t\t<h2 class=\"elementor-heading-title elementor-size-default\">Listen to their needs to promote a culture of feedback<\/h2>\t\t<\/div>\n\t\t\t\t<\/div>\n\t\t\t\t<div class=\"elementor-element elementor-element-087564b elementor-widget elementor-widget-heading\" data-id=\"087564b\" data-element_type=\"widget\" data-widget_type=\"heading.default\">\n\t\t\t\t<div class=\"elementor-widget-container\">\n\t\t\t<div class=\"elementor-heading-title elementor-size-default\">Use AI and machine learning to process hundreds of employee feedback and understand what really matters to your teams<\/div>\t\t<\/div>\n\t\t\t\t<\/div>\n\t\t\t\t\t<\/div>\n\t\t\t\t<\/div>\n\t\t\t\t<div class=\"elementor-element elementor-element-8864969 elementor-widget__width-initial elementor-widget elementor-widget-image\" data-id=\"8864969\" data-element_type=\"widget\" data-widget_type=\"image.default\">\n\t\t\t\t<div class=\"elementor-widget-container\">\n\t\t\t\t\t\t\t\t\t\t\t\t\t<img decoding=\"async\" src=\"https:\/\/www.positeams.com\/wp-content\/uploads\/2023\/08\/main-1.webp\" title=\"\" alt=\"\" loading=\"lazy\" \/>\t\t\t\t\t\t\t\t\t\t\t\t\t<\/div>\n\t\t\t\t<\/div>\n\t\t\t\t\t<\/div>\n\t\t\t\t<\/div>\n\t\t\t\t\t<\/div>\n\t\t\t\t<\/div>\n\t\t<div class=\"elementor-element elementor-element-59d7b31 e-grid e-con-boxed wpr-particle-no wpr-jarallax-no wpr-parallax-no wpr-sticky-section-no e-con e-parent\" data-id=\"59d7b31\" data-element_type=\"container\" data-settings=\"{&quot;background_background&quot;:&quot;classic&quot;}\">\n\t\t\t\t\t<div class=\"e-con-inner\">\n\t\t<div class=\"elementor-element elementor-element-4d275a6 e-flex e-con-boxed wpr-particle-no wpr-jarallax-no wpr-parallax-no wpr-sticky-section-no e-con e-parent\" data-id=\"4d275a6\" data-element_type=\"container\">\n\t\t\t\t\t<div class=\"e-con-inner\">\n\t\t\t\t<div class=\"elementor-element elementor-element-115bf00 elementor-widget elementor-widget-heading\" data-id=\"115bf00\" data-element_type=\"widget\" data-widget_type=\"heading.default\">\n\t\t\t\t<div class=\"elementor-widget-container\">\n\t\t\t<h2 class=\"elementor-heading-title elementor-size-default\">Feedback analysis<\/h2>\t\t<\/div>\n\t\t\t\t<\/div>\n\t\t\t\t<div class=\"elementor-element elementor-element-1d15ff1 elementor-widget elementor-widget-heading\" data-id=\"1d15ff1\" data-element_type=\"widget\" data-widget_type=\"heading.default\">\n\t\t\t\t<div class=\"elementor-widget-container\">\n\t\t\t<div class=\"elementor-heading-title elementor-size-default\">Let the data speak by harnessing the power of semantic analysis to take action where most needed.<\/div>\t\t<\/div>\n\t\t\t\t<\/div>\n\t\t\t\t<div class=\"elementor-element elementor-element-6ccbbb3 elementor-icon-list--layout-traditional elementor-list-item-link-full_width elementor-widget elementor-widget-icon-list\" data-id=\"6ccbbb3\" data-element_type=\"widget\" data-widget_type=\"icon-list.default\">\n\t\t\t\t<div class=\"elementor-widget-container\">\n\t\t\t\t\t<ul class=\"elementor-icon-list-items\">\n\t\t\t\t\t\t\t<li class=\"elementor-icon-list-item\">\n\t\t\t\t\t\t\t\t\t\t\t<span class=\"elementor-icon-list-icon\">\n\t\t\t\t\t\t\t<svg aria-hidden=\"true\" class=\"e-font-icon-svg e-fas-check\" viewbox=\"0 0 512 512\" xmlns=\"http:\/\/www.w3.org\/2000\/svg\"><path d=\"M173.898 439.404l-166.4-166.4c-9.997-9.997-9.997-26.206 0-36.204l36.203-36.204c9.997-9.998 26.207-9.998 36.204 0L192 312.69 432.095 72.596c9.997-9.997 26.207-9.997 36.204 0l36.203 36.204c9.997 9.997 9.997 26.206 0 36.204l-294.4 294.401c-9.998 9.997-26.207 9.997-36.204-.001z\"><\/path><\/svg>\t\t\t\t\t\t<\/span>\n\t\t\t\t\t\t\t\t\t\t<span class=\"elementor-icon-list-text\">Automatic classification<\/span>\n\t\t\t\t\t\t\t\t\t<\/li>\n\t\t\t\t\t\t\t\t<li class=\"elementor-icon-list-item\">\n\t\t\t\t\t\t\t\t\t\t\t<span class=\"elementor-icon-list-icon\">\n\t\t\t\t\t\t\t<svg aria-hidden=\"true\" class=\"e-font-icon-svg e-fas-check\" viewbox=\"0 0 512 512\" xmlns=\"http:\/\/www.w3.org\/2000\/svg\"><path d=\"M173.898 439.404l-166.4-166.4c-9.997-9.997-9.997-26.206 0-36.204l36.203-36.204c9.997-9.998 26.207-9.998 36.204 0L192 312.69 432.095 72.596c9.997-9.997 26.207-9.997 36.204 0l36.203 36.204c9.997 9.997 9.997 26.206 0 36.204l-294.4 294.401c-9.998 9.997-26.207 9.997-36.204-.001z\"><\/path><\/svg>\t\t\t\t\t\t<\/span>\n\t\t\t\t\t\t\t\t\t\t<span class=\"elementor-icon-list-text\">Word clouds<\/span>\n\t\t\t\t\t\t\t\t\t<\/li>\n\t\t\t\t\t\t\t\t<li class=\"elementor-icon-list-item\">\n\t\t\t\t\t\t\t\t\t\t\t<span class=\"elementor-icon-list-icon\">\n\t\t\t\t\t\t\t<svg aria-hidden=\"true\" class=\"e-font-icon-svg e-fas-check\" viewbox=\"0 0 512 512\" xmlns=\"http:\/\/www.w3.org\/2000\/svg\"><path d=\"M173.898 439.404l-166.4-166.4c-9.997-9.997-9.997-26.206 0-36.204l36.203-36.204c9.997-9.998 26.207-9.998 36.204 0L192 312.69 432.095 72.596c9.997-9.997 26.207-9.997 36.204 0l36.203 36.204c9.997 9.997 9.997 26.206 0 36.204l-294.4 294.401c-9.998 9.997-26.207 9.997-36.204-.001z\"><\/path><\/svg>\t\t\t\t\t\t<\/span>\n\t\t\t\t\t\t\t\t\t\t<span class=\"elementor-icon-list-text\">Sentiment analysis<\/span>\n\t\t\t\t\t\t\t\t\t<\/li>\n\t\t\t\t\t\t\t\t<li class=\"elementor-icon-list-item\">\n\t\t\t\t\t\t\t\t\t\t\t<span class=\"elementor-icon-list-icon\">\n\t\t\t\t\t\t\t<svg aria-hidden=\"true\" class=\"e-font-icon-svg e-fas-check\" viewbox=\"0 0 512 512\" xmlns=\"http:\/\/www.w3.org\/2000\/svg\"><path d=\"M173.898 439.404l-166.4-166.4c-9.997-9.997-9.997-26.206 0-36.204l36.203-36.204c9.997-9.998 26.207-9.998 36.204 0L192 312.69 432.095 72.596c9.997-9.997 26.207-9.997 36.204 0l36.203 36.204c9.997 9.997 9.997 26.206 0 36.204l-294.4 294.401c-9.998 9.997-26.207 9.997-36.204-.001z\"><\/path><\/svg>\t\t\t\t\t\t<\/span>\n\t\t\t\t\t\t\t\t\t\t<span class=\"elementor-icon-list-text\">Keywords and relevant topics<\/span>\n\t\t\t\t\t\t\t\t\t<\/li>\n\t\t\t\t\t\t<\/ul>\n\t\t\t\t<\/div>\n\t\t\t\t<\/div>\n\t\t\t\t\t<\/div>\n\t\t\t\t<\/div>\n\t\t\t\t<div class=\"elementor-element elementor-element-6316c5c elementor-widget elementor-widget-image\" data-id=\"6316c5c\" data-element_type=\"widget\" data-widget_type=\"image.default\">\n\t\t\t\t<div class=\"elementor-widget-container\">\n\t\t\t\t\t\t\t\t\t\t\t\t\t<img fetchpriority=\"high\" decoding=\"async\" width=\"730\" height=\"448\" src=\"https:\/\/www.positeams.com\/wp-content\/uploads\/2023\/08\/Untitled-8.webp\" class=\"attachment-large size-large wp-image-2135\" alt=\"\" srcset=\"https:\/\/www.positeams.com\/wp-content\/uploads\/2023\/08\/Untitled-8.webp 730w, https:\/\/www.positeams.com\/wp-content\/uploads\/2023\/08\/Untitled-8-300x184.webp 300w, https:\/\/www.positeams.com\/wp-content\/uploads\/2023\/08\/Untitled-8-18x12.webp 18w\" sizes=\"(max-width: 730px) 100vw, 730px\" \/>\t\t\t\t\t\t\t\t\t\t\t\t\t<\/div>\n\t\t\t\t<\/div>\n\t\t\t\t\t<\/div>\n\t\t\t\t<\/div>\n\t\t<div class=\"elementor-element elementor-element-d66fbc7 e-grid e-con-boxed wpr-particle-no wpr-jarallax-no wpr-parallax-no wpr-sticky-section-no e-con e-parent\" data-id=\"d66fbc7\" data-element_type=\"container\">\n\t\t\t\t\t<div class=\"e-con-inner\">\n\t\t\t\t<div class=\"elementor-element elementor-element-b7b1a8e elementor-widget elementor-widget-image\" data-id=\"b7b1a8e\" data-element_type=\"widget\" data-widget_type=\"image.default\">\n\t\t\t\t<div class=\"elementor-widget-container\">\n\t\t\t\t\t\t\t\t\t\t\t\t\t<img decoding=\"async\" width=\"693\" height=\"357\" src=\"https:\/\/www.positeams.com\/wp-content\/uploads\/2023\/08\/step2.webp\" class=\"attachment-large size-large wp-image-2139\" alt=\"\" srcset=\"https:\/\/www.positeams.com\/wp-content\/uploads\/2023\/08\/step2.webp 693w, https:\/\/www.positeams.com\/wp-content\/uploads\/2023\/08\/step2-300x155.webp 300w, https:\/\/www.positeams.com\/wp-content\/uploads\/2023\/08\/step2-18x9.webp 18w\" sizes=\"(max-width: 693px) 100vw, 693px\" \/>\t\t\t\t\t\t\t\t\t\t\t\t\t<\/div>\n\t\t\t\t<\/div>\n\t\t<div class=\"elementor-element elementor-element-4d93809 e-flex e-con-boxed wpr-particle-no wpr-jarallax-no wpr-parallax-no wpr-sticky-section-no e-con e-parent\" data-id=\"4d93809\" data-element_type=\"container\">\n\t\t\t\t\t<div class=\"e-con-inner\">\n\t\t\t\t<div class=\"elementor-element elementor-element-6500c4b elementor-widget elementor-widget-heading\" data-id=\"6500c4b\" data-element_type=\"widget\" data-widget_type=\"heading.default\">\n\t\t\t\t<div class=\"elementor-widget-container\">\n\t\t\t<h2 class=\"elementor-heading-title elementor-size-default\">Give your employees the opportunity to express themselves freely<\/h2>\t\t<\/div>\n\t\t\t\t<\/div>\n\t\t\t\t<div class=\"elementor-element elementor-element-0d07d57 elementor-widget elementor-widget-heading\" data-id=\"0d07d57\" data-element_type=\"widget\" data-widget_type=\"heading.default\">\n\t\t\t\t<div class=\"elementor-widget-container\">\n\t\t\t<div class=\"elementor-heading-title elementor-size-default\">Open a direct communication channel between managers and employees to foster collaboration and issue resolution<\/div>\t\t<\/div>\n\t\t\t\t<\/div>\n\t\t\t\t<div class=\"elementor-element elementor-element-b1318e0 elementor-icon-list--layout-traditional elementor-list-item-link-full_width elementor-widget elementor-widget-icon-list\" data-id=\"b1318e0\" data-element_type=\"widget\" data-widget_type=\"icon-list.default\">\n\t\t\t\t<div class=\"elementor-widget-container\">\n\t\t\t\t\t<ul class=\"elementor-icon-list-items\">\n\t\t\t\t\t\t\t<li class=\"elementor-icon-list-item\">\n\t\t\t\t\t\t\t\t\t\t\t<span class=\"elementor-icon-list-icon\">\n\t\t\t\t\t\t\t<svg aria-hidden=\"true\" class=\"e-font-icon-svg e-fas-check\" viewbox=\"0 0 512 512\" xmlns=\"http:\/\/www.w3.org\/2000\/svg\"><path d=\"M173.898 439.404l-166.4-166.4c-9.997-9.997-9.997-26.206 0-36.204l36.203-36.204c9.997-9.998 26.207-9.998 36.204 0L192 312.69 432.095 72.596c9.997-9.997 26.207-9.997 36.204 0l36.203 36.204c9.997 9.997 9.997 26.206 0 36.204l-294.4 294.401c-9.998 9.997-26.207 9.997-36.204-.001z\"><\/path><\/svg>\t\t\t\t\t\t<\/span>\n\t\t\t\t\t\t\t\t\t\t<span class=\"elementor-icon-list-text\">1-on-1 direct chat<\/span>\n\t\t\t\t\t\t\t\t\t<\/li>\n\t\t\t\t\t\t\t\t<li class=\"elementor-icon-list-item\">\n\t\t\t\t\t\t\t\t\t\t\t<span class=\"elementor-icon-list-icon\">\n\t\t\t\t\t\t\t<svg aria-hidden=\"true\" class=\"e-font-icon-svg e-fas-check\" viewbox=\"0 0 512 512\" xmlns=\"http:\/\/www.w3.org\/2000\/svg\"><path d=\"M173.898 439.404l-166.4-166.4c-9.997-9.997-9.997-26.206 0-36.204l36.203-36.204c9.997-9.998 26.207-9.998 36.204 0L192 312.69 432.095 72.596c9.997-9.997 26.207-9.997 36.204 0l36.203 36.204c9.997 9.997 9.997 26.206 0 36.204l-294.4 294.401c-9.998 9.997-26.207 9.997-36.204-.001z\"><\/path><\/svg>\t\t\t\t\t\t<\/span>\n\t\t\t\t\t\t\t\t\t\t<span class=\"elementor-icon-list-text\">100% anonymous chat to encourage openness<\/span>\n\t\t\t\t\t\t\t\t\t<\/li>\n\t\t\t\t\t\t\t\t<li class=\"elementor-icon-list-item\">\n\t\t\t\t\t\t\t\t\t\t\t<span class=\"elementor-icon-list-icon\">\n\t\t\t\t\t\t\t<svg aria-hidden=\"true\" class=\"e-font-icon-svg e-fas-check\" viewbox=\"0 0 512 512\" xmlns=\"http:\/\/www.w3.org\/2000\/svg\"><path d=\"M173.898 439.404l-166.4-166.4c-9.997-9.997-9.997-26.206 0-36.204l36.203-36.204c9.997-9.998 26.207-9.998 36.204 0L192 312.69 432.095 72.596c9.997-9.997 26.207-9.997 36.204 0l36.203 36.204c9.997 9.997 9.997 26.206 0 36.204l-294.4 294.401c-9.998 9.997-26.207 9.997-36.204-.001z\"><\/path><\/svg>\t\t\t\t\t\t<\/span>\n\t\t\t\t\t\t\t\t\t\t<span class=\"elementor-icon-list-text\">Private manager-employee communication channel<\/span>\n\t\t\t\t\t\t\t\t\t<\/li>\n\t\t\t\t\t\t<\/ul>\n\t\t\t\t<\/div>\n\t\t\t\t<\/div>\n\t\t\t\t\t<\/div>\n\t\t\t\t<\/div>\n\t\t\t\t\t<\/div>\n\t\t\t\t<\/div>\n\t\t\t\t<\/div>","protected":false},"excerpt":{"rendered":"<p>\u00c9coute Restez \u00e0 l&rsquo;\u00e9coute des besoins pour instaurer une culture de feedback A l&rsquo;aide de l&rsquo;I.A et du machine learning, analyser ces centaines de commentaires pour en d\u00e9duire ce qui compte vraiment pour vos \u00e9quipes Analyse s\u00e9mantique des commentaires Faites parler la data en vous appuyant sur la puissance de l&rsquo;analyse s\u00e9mantique pour pourvoir agir &hellip;<\/p>\n<p class=\"read-more\"> <a class=\"\" href=\"https:\/\/www.positeams.com\/en\/listen\/\"> <span class=\"screen-reader-text\">Listen<\/span> Read More &raquo;<\/a><\/p>","protected":false},"author":1,"featured_media":0,"parent":0,"menu_order":0,"comment_status":"closed","ping_status":"closed","template":"","meta":{"_monsterinsights_skip_tracking":false,"_monsterinsights_sitenote_active":false,"_monsterinsights_sitenote_note":"","_monsterinsights_sitenote_category":0,"site-sidebar-layout":"no-sidebar","site-content-layout":"page-builder","ast-global-header-display":"","ast-banner-title-visibility":"","ast-main-header-display":"","ast-hfb-above-header-display":"","ast-hfb-below-header-display":"","ast-hfb-mobile-header-display":"","site-post-title":"disabled","ast-breadcrumbs-content":"","ast-featured-img":"disabled","footer-sml-layout":"","theme-transparent-header-meta":"","adv-header-id-meta":"","stick-header-meta":"","header-above-stick-meta":"","header-main-stick-meta":"","header-below-stick-meta":"","footnotes":""},"class_list":["post-1589","page","type-page","status-publish","hentry"],"yoast_head":"<!-- This site is optimized with the Yoast SEO plugin v23.8 - https:\/\/yoast.com\/wordpress\/plugins\/seo\/ -->\n<title>\u00c9coute - Positeams: Plateforme Engagement Collaborateurs<\/title>\n<meta name=\"robots\" content=\"index, follow, max-snippet:-1, max-image-preview:large, max-video-preview:-1\" \/>\n<link rel=\"canonical\" href=\"https:\/\/www.positeams.com\/en\/listen\/\" \/>\n<meta property=\"og:locale\" content=\"en_US\" \/>\n<meta property=\"og:type\" content=\"article\" \/>\n<meta property=\"og:title\" content=\"\u00c9coute - Positeams: Plateforme Engagement Collaborateurs\" \/>\n<meta property=\"og:description\" content=\"\u00c9coute Restez \u00e0 l&rsquo;\u00e9coute des besoins pour instaurer une culture de feedback A l&rsquo;aide de l&rsquo;I.A et du machine learning, analyser ces centaines de commentaires pour en d\u00e9duire ce qui compte vraiment pour vos \u00e9quipes Analyse s\u00e9mantique des commentaires Faites parler la data en vous appuyant sur la puissance de l&rsquo;analyse s\u00e9mantique pour pourvoir agir &hellip; \u00c9coute Read More &raquo;\" \/>\n<meta property=\"og:url\" content=\"https:\/\/www.positeams.com\/en\/listen\/\" \/>\n<meta property=\"og:site_name\" content=\"Positeams: Plateforme Engagement Collaborateurs\" \/>\n<meta property=\"article:modified_time\" content=\"2023-08-23T17:23:54+00:00\" \/>\n<meta property=\"og:image\" content=\"https:\/\/www.positeams.com\/wp-content\/uploads\/2023\/08\/main-1.webp\" \/>\n<meta name=\"twitter:card\" content=\"summary_large_image\" \/>\n<meta name=\"twitter:label1\" content=\"Est. reading time\" \/>\n\t<meta name=\"twitter:data1\" content=\"2 minutes\" \/>\n<script type=\"application\/ld+json\" class=\"yoast-schema-graph\">{\"@context\":\"https:\/\/schema.org\",\"@graph\":[{\"@type\":\"WebPage\",\"@id\":\"https:\/\/www.positeams.com\/listen\/\",\"url\":\"https:\/\/www.positeams.com\/listen\/\",\"name\":\"\u00c9coute - Positeams: Plateforme Engagement Collaborateurs\",\"isPartOf\":{\"@id\":\"https:\/\/www.positeams.com\/en\/#website\"},\"primaryImageOfPage\":{\"@id\":\"https:\/\/www.positeams.com\/listen\/#primaryimage\"},\"image\":{\"@id\":\"https:\/\/www.positeams.com\/listen\/#primaryimage\"},\"thumbnailUrl\":\"https:\/\/www.positeams.com\/wp-content\/uploads\/2023\/08\/main-1.webp\",\"datePublished\":\"2023-08-10T19:03:56+00:00\",\"dateModified\":\"2023-08-23T17:23:54+00:00\",\"breadcrumb\":{\"@id\":\"https:\/\/www.positeams.com\/listen\/#breadcrumb\"},\"inLanguage\":\"en-US\",\"potentialAction\":[{\"@type\":\"ReadAction\",\"target\":[\"https:\/\/www.positeams.com\/listen\/\"]}]},{\"@type\":\"ImageObject\",\"inLanguage\":\"en-US\",\"@id\":\"https:\/\/www.positeams.com\/listen\/#primaryimage\",\"url\":\"https:\/\/www.positeams.com\/wp-content\/uploads\/2023\/08\/main-1.webp\",\"contentUrl\":\"https:\/\/www.positeams.com\/wp-content\/uploads\/2023\/08\/main-1.webp\"},{\"@type\":\"BreadcrumbList\",\"@id\":\"https:\/\/www.positeams.com\/listen\/#breadcrumb\",\"itemListElement\":[{\"@type\":\"ListItem\",\"position\":1,\"name\":\"Home\",\"item\":\"https:\/\/www.positeams.com\/\"},{\"@type\":\"ListItem\",\"position\":2,\"name\":\"\u00c9coute\"}]},{\"@type\":\"WebSite\",\"@id\":\"https:\/\/www.positeams.com\/en\/#website\",\"url\":\"https:\/\/www.positeams.com\/en\/\",\"name\":\"Positeams: Plateforme Engagement Collaborateurs\",\"description\":\"Positeams est une plateforme de gestion d&#039;engagement des salari\u00e9s.\",\"publisher\":{\"@id\":\"https:\/\/www.positeams.com\/en\/#organization\"},\"potentialAction\":[{\"@type\":\"SearchAction\",\"target\":{\"@type\":\"EntryPoint\",\"urlTemplate\":\"https:\/\/www.positeams.com\/en\/?s={search_term_string}\"},\"query-input\":{\"@type\":\"PropertyValueSpecification\",\"valueRequired\":true,\"valueName\":\"search_term_string\"}}],\"inLanguage\":\"en-US\"},{\"@type\":\"Organization\",\"@id\":\"https:\/\/www.positeams.com\/en\/#organization\",\"name\":\"Positeams\",\"url\":\"https:\/\/www.positeams.com\/en\/\",\"logo\":{\"@type\":\"ImageObject\",\"inLanguage\":\"en-US\",\"@id\":\"https:\/\/www.positeams.com\/en\/#\/schema\/logo\/image\/\",\"url\":\"https:\/\/www.positeams.com\/wp-content\/uploads\/2023\/07\/positeams_logo.png\",\"contentUrl\":\"https:\/\/www.positeams.com\/wp-content\/uploads\/2023\/07\/positeams_logo.png\",\"width\":400,\"height\":75,\"caption\":\"Positeams\"},\"image\":{\"@id\":\"https:\/\/www.positeams.com\/en\/#\/schema\/logo\/image\/\"},\"sameAs\":[\"https:\/\/www.linkedin.com\/company\/positeams\"]}]}<\/script>\n<!-- \/ Yoast SEO plugin. -->","yoast_head_json":{"title":"\u00c9coute - Positeams: Plateforme Engagement Collaborateurs","robots":{"index":"index","follow":"follow","max-snippet":"max-snippet:-1","max-image-preview":"max-image-preview:large","max-video-preview":"max-video-preview:-1"},"canonical":"https:\/\/www.positeams.com\/en\/listen\/","og_locale":"en_US","og_type":"article","og_title":"\u00c9coute - Positeams: Plateforme Engagement Collaborateurs","og_description":"\u00c9coute Restez \u00e0 l&rsquo;\u00e9coute des besoins pour instaurer une culture de feedback A l&rsquo;aide de l&rsquo;I.A et du machine learning, analyser ces centaines de commentaires pour en d\u00e9duire ce qui compte vraiment pour vos \u00e9quipes Analyse s\u00e9mantique des commentaires Faites parler la data en vous appuyant sur la puissance de l&rsquo;analyse s\u00e9mantique pour pourvoir agir &hellip; \u00c9coute Read More &raquo;","og_url":"https:\/\/www.positeams.com\/en\/listen\/","og_site_name":"Positeams: Plateforme Engagement Collaborateurs","article_modified_time":"2023-08-23T17:23:54+00:00","og_image":[{"url":"https:\/\/www.positeams.com\/wp-content\/uploads\/2023\/08\/main-1.webp"}],"twitter_card":"summary_large_image","twitter_misc":{"Est. reading time":"2 minutes"},"schema":{"@context":"https:\/\/schema.org","@graph":[{"@type":"WebPage","@id":"https:\/\/www.positeams.com\/listen\/","url":"https:\/\/www.positeams.com\/listen\/","name":"\u00c9coute - Positeams: Plateforme Engagement Collaborateurs","isPartOf":{"@id":"https:\/\/www.positeams.com\/en\/#website"},"primaryImageOfPage":{"@id":"https:\/\/www.positeams.com\/listen\/#primaryimage"},"image":{"@id":"https:\/\/www.positeams.com\/listen\/#primaryimage"},"thumbnailUrl":"https:\/\/www.positeams.com\/wp-content\/uploads\/2023\/08\/main-1.webp","datePublished":"2023-08-10T19:03:56+00:00","dateModified":"2023-08-23T17:23:54+00:00","breadcrumb":{"@id":"https:\/\/www.positeams.com\/listen\/#breadcrumb"},"inLanguage":"en-US","potentialAction":[{"@type":"ReadAction","target":["https:\/\/www.positeams.com\/listen\/"]}]},{"@type":"ImageObject","inLanguage":"en-US","@id":"https:\/\/www.positeams.com\/listen\/#primaryimage","url":"https:\/\/www.positeams.com\/wp-content\/uploads\/2023\/08\/main-1.webp","contentUrl":"https:\/\/www.positeams.com\/wp-content\/uploads\/2023\/08\/main-1.webp"},{"@type":"BreadcrumbList","@id":"https:\/\/www.positeams.com\/listen\/#breadcrumb","itemListElement":[{"@type":"ListItem","position":1,"name":"Home","item":"https:\/\/www.positeams.com\/"},{"@type":"ListItem","position":2,"name":"\u00c9coute"}]},{"@type":"WebSite","@id":"https:\/\/www.positeams.com\/en\/#website","url":"https:\/\/www.positeams.com\/en\/","name":"Positeams: Plateforme Engagement Collaborateurs","description":"Positeams est une plateforme de gestion d&#039;engagement des salari\u00e9s.","publisher":{"@id":"https:\/\/www.positeams.com\/en\/#organization"},"potentialAction":[{"@type":"SearchAction","target":{"@type":"EntryPoint","urlTemplate":"https:\/\/www.positeams.com\/en\/?s={search_term_string}"},"query-input":{"@type":"PropertyValueSpecification","valueRequired":true,"valueName":"search_term_string"}}],"inLanguage":"en-US"},{"@type":"Organization","@id":"https:\/\/www.positeams.com\/en\/#organization","name":"Positeams","url":"https:\/\/www.positeams.com\/en\/","logo":{"@type":"ImageObject","inLanguage":"en-US","@id":"https:\/\/www.positeams.com\/en\/#\/schema\/logo\/image\/","url":"https:\/\/www.positeams.com\/wp-content\/uploads\/2023\/07\/positeams_logo.png","contentUrl":"https:\/\/www.positeams.com\/wp-content\/uploads\/2023\/07\/positeams_logo.png","width":400,"height":75,"caption":"Positeams"},"image":{"@id":"https:\/\/www.positeams.com\/en\/#\/schema\/logo\/image\/"},"sameAs":["https:\/\/www.linkedin.com\/company\/positeams"]}]}},"_links":{"self":[{"href":"https:\/\/www.positeams.com\/en\/wp-json\/wp\/v2\/pages\/1589","targetHints":{"allow":["GET"]}}],"collection":[{"href":"https:\/\/www.positeams.com\/en\/wp-json\/wp\/v2\/pages"}],"about":[{"href":"https:\/\/www.positeams.com\/en\/wp-json\/wp\/v2\/types\/page"}],"author":[{"embeddable":true,"href":"https:\/\/www.positeams.com\/en\/wp-json\/wp\/v2\/users\/1"}],"replies":[{"embeddable":true,"href":"https:\/\/www.positeams.com\/en\/wp-json\/wp\/v2\/comments?post=1589"}],"version-history":[{"count":64,"href":"https:\/\/www.positeams.com\/en\/wp-json\/wp\/v2\/pages\/1589\/revisions"}],"predecessor-version":[{"id":2204,"href":"https:\/\/www.positeams.com\/en\/wp-json\/wp\/v2\/pages\/1589\/revisions\/2204"}],"wp:attachment":[{"href":"https:\/\/www.positeams.com\/en\/wp-json\/wp\/v2\/media?parent=1589"}],"curies":[{"name":"wp","href":"https:\/\/api.w.org\/{rel}","templated":true}]}}