{"id":1668,"date":"2023-08-11T19:06:37","date_gmt":"2023-08-11T19:06:37","guid":{"rendered":"https:\/\/www.positeams.com\/?page_id=1668"},"modified":"2023-08-23T17:24:51","modified_gmt":"2023-08-23T17:24:51","slug":"act","status":"publish","type":"page","link":"https:\/\/www.positeams.com\/en\/act\/","title":{"rendered":"Act"},"content":{"rendered":"<div data-elementor-type=\"wp-page\" data-elementor-id=\"1668\" class=\"elementor elementor-1668\">\n\t\t\t\t<div class=\"elementor-element elementor-element-53bd6ae e-flex e-con-boxed wpr-particle-no wpr-jarallax-no wpr-parallax-no wpr-sticky-section-no e-con e-parent\" data-id=\"53bd6ae\" data-element_type=\"container\" data-settings=\"{&quot;background_background&quot;:&quot;gradient&quot;}\">\n\t\t\t\t\t<div class=\"e-con-inner\">\n\t\t<div class=\"elementor-element elementor-element-9d45c51 e-flex e-con-boxed wpr-particle-no wpr-jarallax-no wpr-parallax-no wpr-sticky-section-no e-con e-parent\" data-id=\"9d45c51\" data-element_type=\"container\">\n\t\t\t\t\t<div class=\"e-con-inner\">\n\t\t\t\t<div class=\"elementor-element elementor-element-b19fa75 elementor-view-stacked elementor-shape-circle elementor-widget elementor-widget-icon\" data-id=\"b19fa75\" data-element_type=\"widget\" data-widget_type=\"icon.default\">\n\t\t\t\t<div class=\"elementor-widget-container\">\n\t\t\t\t\t<div class=\"elementor-icon-wrapper\">\n\t\t\t<div class=\"elementor-icon\">\n\t\t\t<svg aria-hidden=\"true\" class=\"e-font-icon-svg e-fas-seedling\" viewbox=\"0 0 512 512\" xmlns=\"http:\/\/www.w3.org\/2000\/svg\"><path d=\"M64 96H0c0 123.7 100.3 224 224 224v144c0 8.8 7.2 16 16 16h32c8.8 0 16-7.2 16-16V320C288 196.3 187.7 96 64 96zm384-64c-84.2 0-157.4 46.5-195.7 115.2 27.7 30.2 48.2 66.9 59 107.6C424 243.1 512 147.9 512 32h-64z\"><\/path><\/svg>\t\t\t<\/div>\n\t\t<\/div>\n\t\t\t\t<\/div>\n\t\t\t\t<\/div>\n\t\t\t\t<div class=\"elementor-element elementor-element-2aeac34 elementor-widget elementor-widget-heading\" data-id=\"2aeac34\" data-element_type=\"widget\" data-widget_type=\"heading.default\">\n\t\t\t\t<div class=\"elementor-widget-container\">\n\t\t\t<h4 class=\"elementor-heading-title elementor-size-default\">Act<\/h4>\t\t<\/div>\n\t\t\t\t<\/div>\n\t\t\t\t\t<\/div>\n\t\t\t\t<\/div>\n\t\t<div class=\"elementor-element elementor-element-bb635cc e-grid e-con-boxed wpr-particle-no wpr-jarallax-no wpr-parallax-no wpr-sticky-section-no e-con e-parent\" data-id=\"bb635cc\" data-element_type=\"container\">\n\t\t\t\t\t<div class=\"e-con-inner\">\n\t\t<div class=\"elementor-element elementor-element-965a494 e-flex e-con-boxed wpr-particle-no wpr-jarallax-no wpr-parallax-no wpr-sticky-section-no e-con e-parent\" data-id=\"965a494\" data-element_type=\"container\">\n\t\t\t\t\t<div class=\"e-con-inner\">\n\t\t\t\t<div class=\"elementor-element elementor-element-c65bf00 elementor-widget__width-initial elementor-widget elementor-widget-heading\" data-id=\"c65bf00\" data-element_type=\"widget\" data-widget_type=\"heading.default\">\n\t\t\t\t<div class=\"elementor-widget-container\">\n\t\t\t<h2 class=\"elementor-heading-title elementor-size-default\">Put in place data-driven actions for better results<\/h2>\t\t<\/div>\n\t\t\t\t<\/div>\n\t\t\t\t<div class=\"elementor-element elementor-element-087564b elementor-widget elementor-widget-heading\" data-id=\"087564b\" data-element_type=\"widget\" data-widget_type=\"heading.default\">\n\t\t\t\t<div class=\"elementor-widget-container\">\n\t\t\t<div class=\"elementor-heading-title elementor-size-default\">Act on employee feedback by setting up action plans with the help of our suggestions<\/div>\t\t<\/div>\n\t\t\t\t<\/div>\n\t\t\t\t\t<\/div>\n\t\t\t\t<\/div>\n\t\t\t\t<div class=\"elementor-element elementor-element-8864969 elementor-widget__width-initial elementor-widget elementor-widget-image\" data-id=\"8864969\" data-element_type=\"widget\" data-widget_type=\"image.default\">\n\t\t\t\t<div class=\"elementor-widget-container\">\n\t\t\t\t\t\t\t\t\t\t\t\t\t<img decoding=\"async\" src=\"https:\/\/www.positeams.com\/wp-content\/uploads\/2023\/08\/main-2.webp\" title=\"\" alt=\"\" loading=\"lazy\" \/>\t\t\t\t\t\t\t\t\t\t\t\t\t<\/div>\n\t\t\t\t<\/div>\n\t\t\t\t\t<\/div>\n\t\t\t\t<\/div>\n\t\t\t\t\t<\/div>\n\t\t\t\t<\/div>\n\t\t<div class=\"elementor-element elementor-element-59d7b31 e-grid e-con-boxed wpr-particle-no wpr-jarallax-no wpr-parallax-no wpr-sticky-section-no e-con e-parent\" data-id=\"59d7b31\" data-element_type=\"container\" data-settings=\"{&quot;background_background&quot;:&quot;classic&quot;}\">\n\t\t\t\t\t<div class=\"e-con-inner\">\n\t\t<div class=\"elementor-element elementor-element-4d275a6 e-flex e-con-boxed wpr-particle-no wpr-jarallax-no wpr-parallax-no wpr-sticky-section-no e-con e-parent\" data-id=\"4d275a6\" data-element_type=\"container\">\n\t\t\t\t\t<div class=\"e-con-inner\">\n\t\t\t\t<div class=\"elementor-element elementor-element-115bf00 elementor-widget elementor-widget-heading\" data-id=\"115bf00\" data-element_type=\"widget\" data-widget_type=\"heading.default\">\n\t\t\t\t<div class=\"elementor-widget-container\">\n\t\t\t<h2 class=\"elementor-heading-title elementor-size-default\">Action suggestions for each driver of engagement<\/h2>\t\t<\/div>\n\t\t\t\t<\/div>\n\t\t\t\t<div class=\"elementor-element elementor-element-1d15ff1 elementor-widget elementor-widget-heading\" data-id=\"1d15ff1\" data-element_type=\"widget\" data-widget_type=\"heading.default\">\n\t\t\t\t<div class=\"elementor-widget-container\">\n\t\t\t<div class=\"elementor-heading-title elementor-size-default\">Create your own actions or use suggestions from our experts. Access a curated selection of the best web content to advise your managers.<\/div>\t\t<\/div>\n\t\t\t\t<\/div>\n\t\t\t\t<div class=\"elementor-element elementor-element-6ccbbb3 elementor-icon-list--layout-traditional elementor-list-item-link-full_width elementor-widget elementor-widget-icon-list\" data-id=\"6ccbbb3\" data-element_type=\"widget\" data-widget_type=\"icon-list.default\">\n\t\t\t\t<div class=\"elementor-widget-container\">\n\t\t\t\t\t<ul class=\"elementor-icon-list-items\">\n\t\t\t\t\t\t\t<li class=\"elementor-icon-list-item\">\n\t\t\t\t\t\t\t\t\t\t\t<span class=\"elementor-icon-list-icon\">\n\t\t\t\t\t\t\t<svg aria-hidden=\"true\" class=\"e-font-icon-svg e-fas-check\" viewbox=\"0 0 512 512\" xmlns=\"http:\/\/www.w3.org\/2000\/svg\"><path d=\"M173.898 439.404l-166.4-166.4c-9.997-9.997-9.997-26.206 0-36.204l36.203-36.204c9.997-9.998 26.207-9.998 36.204 0L192 312.69 432.095 72.596c9.997-9.997 26.207-9.997 36.204 0l36.203 36.204c9.997 9.997 9.997 26.206 0 36.204l-294.4 294.401c-9.998 9.997-26.207 9.997-36.204-.001z\"><\/path><\/svg>\t\t\t\t\t\t<\/span>\n\t\t\t\t\t\t\t\t\t\t<span class=\"elementor-icon-list-text\">Built-in actions library<\/span>\n\t\t\t\t\t\t\t\t\t<\/li>\n\t\t\t\t\t\t\t\t<li class=\"elementor-icon-list-item\">\n\t\t\t\t\t\t\t\t\t\t\t<span class=\"elementor-icon-list-icon\">\n\t\t\t\t\t\t\t<svg aria-hidden=\"true\" class=\"e-font-icon-svg e-fas-check\" viewbox=\"0 0 512 512\" xmlns=\"http:\/\/www.w3.org\/2000\/svg\"><path d=\"M173.898 439.404l-166.4-166.4c-9.997-9.997-9.997-26.206 0-36.204l36.203-36.204c9.997-9.998 26.207-9.998 36.204 0L192 312.69 432.095 72.596c9.997-9.997 26.207-9.997 36.204 0l36.203 36.204c9.997 9.997 9.997 26.206 0 36.204l-294.4 294.401c-9.998 9.997-26.207 9.997-36.204-.001z\"><\/path><\/svg>\t\t\t\t\t\t<\/span>\n\t\t\t\t\t\t\t\t\t\t<span class=\"elementor-icon-list-text\">Define your own actions<\/span>\n\t\t\t\t\t\t\t\t\t<\/li>\n\t\t\t\t\t\t\t\t<li class=\"elementor-icon-list-item\">\n\t\t\t\t\t\t\t\t\t\t\t<span class=\"elementor-icon-list-icon\">\n\t\t\t\t\t\t\t<svg aria-hidden=\"true\" class=\"e-font-icon-svg e-fas-check\" viewbox=\"0 0 512 512\" xmlns=\"http:\/\/www.w3.org\/2000\/svg\"><path d=\"M173.898 439.404l-166.4-166.4c-9.997-9.997-9.997-26.206 0-36.204l36.203-36.204c9.997-9.998 26.207-9.998 36.204 0L192 312.69 432.095 72.596c9.997-9.997 26.207-9.997 36.204 0l36.203 36.204c9.997 9.997 9.997 26.206 0 36.204l-294.4 294.401c-9.998 9.997-26.207 9.997-36.204-.001z\"><\/path><\/svg>\t\t\t\t\t\t<\/span>\n\t\t\t\t\t\t\t\t\t\t<span class=\"elementor-icon-list-text\">e-Learning manager content and articles<\/span>\n\t\t\t\t\t\t\t\t\t<\/li>\n\t\t\t\t\t\t<\/ul>\n\t\t\t\t<\/div>\n\t\t\t\t<\/div>\n\t\t\t\t\t<\/div>\n\t\t\t\t<\/div>\n\t\t\t\t<div class=\"elementor-element elementor-element-6316c5c elementor-widget elementor-widget-image\" data-id=\"6316c5c\" data-element_type=\"widget\" data-widget_type=\"image.default\">\n\t\t\t\t<div class=\"elementor-widget-container\">\n\t\t\t\t\t\t\t\t\t\t\t\t\t<img fetchpriority=\"high\" decoding=\"async\" width=\"748\" height=\"401\" src=\"https:\/\/www.positeams.com\/wp-content\/uploads\/2023\/08\/Untitled-9.webp\" class=\"attachment-large size-large wp-image-2144\" alt=\"\" srcset=\"https:\/\/www.positeams.com\/wp-content\/uploads\/2023\/08\/Untitled-9.webp 748w, https:\/\/www.positeams.com\/wp-content\/uploads\/2023\/08\/Untitled-9-300x161.webp 300w, https:\/\/www.positeams.com\/wp-content\/uploads\/2023\/08\/Untitled-9-18x10.webp 18w\" sizes=\"(max-width: 748px) 100vw, 748px\" \/>\t\t\t\t\t\t\t\t\t\t\t\t\t<\/div>\n\t\t\t\t<\/div>\n\t\t\t\t\t<\/div>\n\t\t\t\t<\/div>\n\t\t<div class=\"elementor-element elementor-element-d66fbc7 e-grid e-con-boxed wpr-particle-no wpr-jarallax-no wpr-parallax-no wpr-sticky-section-no e-con e-parent\" data-id=\"d66fbc7\" data-element_type=\"container\">\n\t\t\t\t\t<div class=\"e-con-inner\">\n\t\t\t\t<div class=\"elementor-element elementor-element-b7b1a8e elementor-widget elementor-widget-image\" data-id=\"b7b1a8e\" data-element_type=\"widget\" data-widget_type=\"image.default\">\n\t\t\t\t<div class=\"elementor-widget-container\">\n\t\t\t\t\t\t\t\t\t\t\t\t\t<img decoding=\"async\" width=\"754\" height=\"386\" src=\"https:\/\/www.positeams.com\/wp-content\/uploads\/2023\/08\/Untitled-1-1-1.webp\" class=\"attachment-large size-large wp-image-2147\" alt=\"\" srcset=\"https:\/\/www.positeams.com\/wp-content\/uploads\/2023\/08\/Untitled-1-1-1.webp 754w, https:\/\/www.positeams.com\/wp-content\/uploads\/2023\/08\/Untitled-1-1-1-300x154.webp 300w, https:\/\/www.positeams.com\/wp-content\/uploads\/2023\/08\/Untitled-1-1-1-18x9.webp 18w\" sizes=\"(max-width: 754px) 100vw, 754px\" \/>\t\t\t\t\t\t\t\t\t\t\t\t\t<\/div>\n\t\t\t\t<\/div>\n\t\t<div class=\"elementor-element elementor-element-4d93809 e-flex e-con-boxed wpr-particle-no wpr-jarallax-no wpr-parallax-no wpr-sticky-section-no e-con e-parent\" data-id=\"4d93809\" data-element_type=\"container\">\n\t\t\t\t\t<div class=\"e-con-inner\">\n\t\t\t\t<div class=\"elementor-element elementor-element-6500c4b elementor-widget elementor-widget-heading\" data-id=\"6500c4b\" data-element_type=\"widget\" data-widget_type=\"heading.default\">\n\t\t\t\t<div class=\"elementor-widget-container\">\n\t\t\t<h2 class=\"elementor-heading-title elementor-size-default\">Efficiently manage your action plans<\/h2>\t\t<\/div>\n\t\t\t\t<\/div>\n\t\t\t\t<div class=\"elementor-element elementor-element-0d07d57 elementor-widget elementor-widget-heading\" data-id=\"0d07d57\" data-element_type=\"widget\" data-widget_type=\"heading.default\">\n\t\t\t\t<div class=\"elementor-widget-container\">\n\t\t\t<div class=\"elementor-heading-title elementor-size-default\">Create and assign actions to your managers. Stay informed about the progress throughout the process<\/div>\t\t<\/div>\n\t\t\t\t<\/div>\n\t\t\t\t<div class=\"elementor-element elementor-element-b1318e0 elementor-icon-list--layout-traditional elementor-list-item-link-full_width elementor-widget elementor-widget-icon-list\" data-id=\"b1318e0\" data-element_type=\"widget\" data-widget_type=\"icon-list.default\">\n\t\t\t\t<div class=\"elementor-widget-container\">\n\t\t\t\t\t<ul class=\"elementor-icon-list-items\">\n\t\t\t\t\t\t\t<li class=\"elementor-icon-list-item\">\n\t\t\t\t\t\t\t\t\t\t\t<span class=\"elementor-icon-list-icon\">\n\t\t\t\t\t\t\t<svg aria-hidden=\"true\" class=\"e-font-icon-svg e-fas-check\" viewbox=\"0 0 512 512\" xmlns=\"http:\/\/www.w3.org\/2000\/svg\"><path d=\"M173.898 439.404l-166.4-166.4c-9.997-9.997-9.997-26.206 0-36.204l36.203-36.204c9.997-9.998 26.207-9.998 36.204 0L192 312.69 432.095 72.596c9.997-9.997 26.207-9.997 36.204 0l36.203 36.204c9.997 9.997 9.997 26.206 0 36.204l-294.4 294.401c-9.998 9.997-26.207 9.997-36.204-.001z\"><\/path><\/svg>\t\t\t\t\t\t<\/span>\n\t\t\t\t\t\t\t\t\t\t<span class=\"elementor-icon-list-text\">Action plans<\/span>\n\t\t\t\t\t\t\t\t\t<\/li>\n\t\t\t\t\t\t\t\t<li class=\"elementor-icon-list-item\">\n\t\t\t\t\t\t\t\t\t\t\t<span class=\"elementor-icon-list-icon\">\n\t\t\t\t\t\t\t<svg aria-hidden=\"true\" class=\"e-font-icon-svg e-fas-check\" viewbox=\"0 0 512 512\" xmlns=\"http:\/\/www.w3.org\/2000\/svg\"><path d=\"M173.898 439.404l-166.4-166.4c-9.997-9.997-9.997-26.206 0-36.204l36.203-36.204c9.997-9.998 26.207-9.998 36.204 0L192 312.69 432.095 72.596c9.997-9.997 26.207-9.997 36.204 0l36.203 36.204c9.997 9.997 9.997 26.206 0 36.204l-294.4 294.401c-9.998 9.997-26.207 9.997-36.204-.001z\"><\/path><\/svg>\t\t\t\t\t\t<\/span>\n\t\t\t\t\t\t\t\t\t\t<span class=\"elementor-icon-list-text\">Action status follow-up<\/span>\n\t\t\t\t\t\t\t\t\t<\/li>\n\t\t\t\t\t\t\t\t<li class=\"elementor-icon-list-item\">\n\t\t\t\t\t\t\t\t\t\t\t<span class=\"elementor-icon-list-icon\">\n\t\t\t\t\t\t\t<svg aria-hidden=\"true\" class=\"e-font-icon-svg e-fas-check\" viewbox=\"0 0 512 512\" xmlns=\"http:\/\/www.w3.org\/2000\/svg\"><path d=\"M173.898 439.404l-166.4-166.4c-9.997-9.997-9.997-26.206 0-36.204l36.203-36.204c9.997-9.998 26.207-9.998 36.204 0L192 312.69 432.095 72.596c9.997-9.997 26.207-9.997 36.204 0l36.203 36.204c9.997 9.997 9.997 26.206 0 36.204l-294.4 294.401c-9.998 9.997-26.207 9.997-36.204-.001z\"><\/path><\/svg>\t\t\t\t\t\t<\/span>\n\t\t\t\t\t\t\t\t\t\t<span class=\"elementor-icon-list-text\">messaging and collaboration<\/span>\n\t\t\t\t\t\t\t\t\t<\/li>\n\t\t\t\t\t\t<\/ul>\n\t\t\t\t<\/div>\n\t\t\t\t<\/div>\n\t\t\t\t\t<\/div>\n\t\t\t\t<\/div>\n\t\t\t\t\t<\/div>\n\t\t\t\t<\/div>\n\t\t\t\t<\/div>","protected":false},"excerpt":{"rendered":"<p>Action Mettez en place des actions bas\u00e9es sur la data pour un meilleur r\u00e9sultat Agissez sur le feedback des collaborateurs en mettant en place des plans d&rsquo;actions \u00e0 l&rsquo;aide de nos suggestions Suggestions d&rsquo;actions pour chaque dimension d&rsquo;engagement Cr\u00e9ez vos propres actions ou utiliser les suggestions de nos experts. Acc\u00e9dez \u00e0 une s\u00e9lection du meilleur &hellip;<\/p>\n<p class=\"read-more\"> <a class=\"\" href=\"https:\/\/www.positeams.com\/en\/act\/\"> <span class=\"screen-reader-text\">Act<\/span> Read More &raquo;<\/a><\/p>","protected":false},"author":1,"featured_media":0,"parent":0,"menu_order":0,"comment_status":"closed","ping_status":"closed","template":"","meta":{"_monsterinsights_skip_tracking":false,"_monsterinsights_sitenote_active":false,"_monsterinsights_sitenote_note":"","_monsterinsights_sitenote_category":0,"site-sidebar-layout":"no-sidebar","site-content-layout":"page-builder","ast-global-header-display":"","ast-banner-title-visibility":"","ast-main-header-display":"","ast-hfb-above-header-display":"","ast-hfb-below-header-display":"","ast-hfb-mobile-header-display":"","site-post-title":"disabled","ast-breadcrumbs-content":"","ast-featured-img":"disabled","footer-sml-layout":"","theme-transparent-header-meta":"","adv-header-id-meta":"","stick-header-meta":"","header-above-stick-meta":"","header-main-stick-meta":"","header-below-stick-meta":"","footnotes":""},"class_list":["post-1668","page","type-page","status-publish","hentry"],"yoast_head":"<!-- This site is optimized with the Yoast SEO plugin v23.8 - https:\/\/yoast.com\/wordpress\/plugins\/seo\/ -->\n<title>Action - Positeams: Plateforme Engagement Collaborateurs<\/title>\n<meta name=\"robots\" content=\"index, follow, max-snippet:-1, max-image-preview:large, max-video-preview:-1\" \/>\n<link rel=\"canonical\" href=\"https:\/\/www.positeams.com\/en\/act\/\" \/>\n<meta property=\"og:locale\" content=\"en_US\" \/>\n<meta property=\"og:type\" content=\"article\" \/>\n<meta property=\"og:title\" content=\"Action - Positeams: Plateforme Engagement Collaborateurs\" \/>\n<meta property=\"og:description\" content=\"Action Mettez en place des actions bas\u00e9es sur la data pour un meilleur r\u00e9sultat Agissez sur le feedback des collaborateurs en mettant en place des plans d&rsquo;actions \u00e0 l&rsquo;aide de nos suggestions Suggestions d&rsquo;actions pour chaque dimension d&rsquo;engagement Cr\u00e9ez vos propres actions ou utiliser les suggestions de nos experts. Acc\u00e9dez \u00e0 une s\u00e9lection du meilleur &hellip; Action Read More &raquo;\" \/>\n<meta property=\"og:url\" content=\"https:\/\/www.positeams.com\/en\/act\/\" \/>\n<meta property=\"og:site_name\" content=\"Positeams: Plateforme Engagement Collaborateurs\" \/>\n<meta property=\"article:modified_time\" content=\"2023-08-23T17:24:51+00:00\" \/>\n<meta property=\"og:image\" content=\"https:\/\/www.positeams.com\/wp-content\/uploads\/2023\/08\/main-2.webp\" \/>\n<meta name=\"twitter:card\" content=\"summary_large_image\" \/>\n<meta name=\"twitter:label1\" content=\"Est. reading time\" \/>\n\t<meta name=\"twitter:data1\" content=\"2 minutes\" \/>\n<script type=\"application\/ld+json\" class=\"yoast-schema-graph\">{\"@context\":\"https:\/\/schema.org\",\"@graph\":[{\"@type\":\"WebPage\",\"@id\":\"https:\/\/www.positeams.com\/act\/\",\"url\":\"https:\/\/www.positeams.com\/act\/\",\"name\":\"Action - Positeams: Plateforme Engagement Collaborateurs\",\"isPartOf\":{\"@id\":\"https:\/\/www.positeams.com\/en\/#website\"},\"primaryImageOfPage\":{\"@id\":\"https:\/\/www.positeams.com\/act\/#primaryimage\"},\"image\":{\"@id\":\"https:\/\/www.positeams.com\/act\/#primaryimage\"},\"thumbnailUrl\":\"https:\/\/www.positeams.com\/wp-content\/uploads\/2023\/08\/main-2.webp\",\"datePublished\":\"2023-08-11T19:06:37+00:00\",\"dateModified\":\"2023-08-23T17:24:51+00:00\",\"breadcrumb\":{\"@id\":\"https:\/\/www.positeams.com\/act\/#breadcrumb\"},\"inLanguage\":\"en-US\",\"potentialAction\":[{\"@type\":\"ReadAction\",\"target\":[\"https:\/\/www.positeams.com\/act\/\"]}]},{\"@type\":\"ImageObject\",\"inLanguage\":\"en-US\",\"@id\":\"https:\/\/www.positeams.com\/act\/#primaryimage\",\"url\":\"https:\/\/www.positeams.com\/wp-content\/uploads\/2023\/08\/main-2.webp\",\"contentUrl\":\"https:\/\/www.positeams.com\/wp-content\/uploads\/2023\/08\/main-2.webp\"},{\"@type\":\"BreadcrumbList\",\"@id\":\"https:\/\/www.positeams.com\/act\/#breadcrumb\",\"itemListElement\":[{\"@type\":\"ListItem\",\"position\":1,\"name\":\"Home\",\"item\":\"https:\/\/www.positeams.com\/\"},{\"@type\":\"ListItem\",\"position\":2,\"name\":\"Action\"}]},{\"@type\":\"WebSite\",\"@id\":\"https:\/\/www.positeams.com\/en\/#website\",\"url\":\"https:\/\/www.positeams.com\/en\/\",\"name\":\"Positeams: Plateforme Engagement Collaborateurs\",\"description\":\"Positeams est une plateforme de gestion d&#039;engagement des salari\u00e9s.\",\"publisher\":{\"@id\":\"https:\/\/www.positeams.com\/en\/#organization\"},\"potentialAction\":[{\"@type\":\"SearchAction\",\"target\":{\"@type\":\"EntryPoint\",\"urlTemplate\":\"https:\/\/www.positeams.com\/en\/?s={search_term_string}\"},\"query-input\":{\"@type\":\"PropertyValueSpecification\",\"valueRequired\":true,\"valueName\":\"search_term_string\"}}],\"inLanguage\":\"en-US\"},{\"@type\":\"Organization\",\"@id\":\"https:\/\/www.positeams.com\/en\/#organization\",\"name\":\"Positeams\",\"url\":\"https:\/\/www.positeams.com\/en\/\",\"logo\":{\"@type\":\"ImageObject\",\"inLanguage\":\"en-US\",\"@id\":\"https:\/\/www.positeams.com\/en\/#\/schema\/logo\/image\/\",\"url\":\"https:\/\/www.positeams.com\/wp-content\/uploads\/2023\/07\/positeams_logo.png\",\"contentUrl\":\"https:\/\/www.positeams.com\/wp-content\/uploads\/2023\/07\/positeams_logo.png\",\"width\":400,\"height\":75,\"caption\":\"Positeams\"},\"image\":{\"@id\":\"https:\/\/www.positeams.com\/en\/#\/schema\/logo\/image\/\"},\"sameAs\":[\"https:\/\/www.linkedin.com\/company\/positeams\"]}]}<\/script>\n<!-- \/ Yoast SEO plugin. -->","yoast_head_json":{"title":"Action - Positeams: Plateforme Engagement Collaborateurs","robots":{"index":"index","follow":"follow","max-snippet":"max-snippet:-1","max-image-preview":"max-image-preview:large","max-video-preview":"max-video-preview:-1"},"canonical":"https:\/\/www.positeams.com\/en\/act\/","og_locale":"en_US","og_type":"article","og_title":"Action - Positeams: Plateforme Engagement Collaborateurs","og_description":"Action Mettez en place des actions bas\u00e9es sur la data pour un meilleur r\u00e9sultat Agissez sur le feedback des collaborateurs en mettant en place des plans d&rsquo;actions \u00e0 l&rsquo;aide de nos suggestions Suggestions d&rsquo;actions pour chaque dimension d&rsquo;engagement Cr\u00e9ez vos propres actions ou utiliser les suggestions de nos experts. Acc\u00e9dez \u00e0 une s\u00e9lection du meilleur &hellip; Action Read More &raquo;","og_url":"https:\/\/www.positeams.com\/en\/act\/","og_site_name":"Positeams: Plateforme Engagement Collaborateurs","article_modified_time":"2023-08-23T17:24:51+00:00","og_image":[{"url":"https:\/\/www.positeams.com\/wp-content\/uploads\/2023\/08\/main-2.webp"}],"twitter_card":"summary_large_image","twitter_misc":{"Est. reading time":"2 minutes"},"schema":{"@context":"https:\/\/schema.org","@graph":[{"@type":"WebPage","@id":"https:\/\/www.positeams.com\/act\/","url":"https:\/\/www.positeams.com\/act\/","name":"Action - Positeams: Plateforme Engagement Collaborateurs","isPartOf":{"@id":"https:\/\/www.positeams.com\/en\/#website"},"primaryImageOfPage":{"@id":"https:\/\/www.positeams.com\/act\/#primaryimage"},"image":{"@id":"https:\/\/www.positeams.com\/act\/#primaryimage"},"thumbnailUrl":"https:\/\/www.positeams.com\/wp-content\/uploads\/2023\/08\/main-2.webp","datePublished":"2023-08-11T19:06:37+00:00","dateModified":"2023-08-23T17:24:51+00:00","breadcrumb":{"@id":"https:\/\/www.positeams.com\/act\/#breadcrumb"},"inLanguage":"en-US","potentialAction":[{"@type":"ReadAction","target":["https:\/\/www.positeams.com\/act\/"]}]},{"@type":"ImageObject","inLanguage":"en-US","@id":"https:\/\/www.positeams.com\/act\/#primaryimage","url":"https:\/\/www.positeams.com\/wp-content\/uploads\/2023\/08\/main-2.webp","contentUrl":"https:\/\/www.positeams.com\/wp-content\/uploads\/2023\/08\/main-2.webp"},{"@type":"BreadcrumbList","@id":"https:\/\/www.positeams.com\/act\/#breadcrumb","itemListElement":[{"@type":"ListItem","position":1,"name":"Home","item":"https:\/\/www.positeams.com\/"},{"@type":"ListItem","position":2,"name":"Action"}]},{"@type":"WebSite","@id":"https:\/\/www.positeams.com\/en\/#website","url":"https:\/\/www.positeams.com\/en\/","name":"Positeams: Plateforme Engagement Collaborateurs","description":"Positeams est une plateforme de gestion d&#039;engagement des salari\u00e9s.","publisher":{"@id":"https:\/\/www.positeams.com\/en\/#organization"},"potentialAction":[{"@type":"SearchAction","target":{"@type":"EntryPoint","urlTemplate":"https:\/\/www.positeams.com\/en\/?s={search_term_string}"},"query-input":{"@type":"PropertyValueSpecification","valueRequired":true,"valueName":"search_term_string"}}],"inLanguage":"en-US"},{"@type":"Organization","@id":"https:\/\/www.positeams.com\/en\/#organization","name":"Positeams","url":"https:\/\/www.positeams.com\/en\/","logo":{"@type":"ImageObject","inLanguage":"en-US","@id":"https:\/\/www.positeams.com\/en\/#\/schema\/logo\/image\/","url":"https:\/\/www.positeams.com\/wp-content\/uploads\/2023\/07\/positeams_logo.png","contentUrl":"https:\/\/www.positeams.com\/wp-content\/uploads\/2023\/07\/positeams_logo.png","width":400,"height":75,"caption":"Positeams"},"image":{"@id":"https:\/\/www.positeams.com\/en\/#\/schema\/logo\/image\/"},"sameAs":["https:\/\/www.linkedin.com\/company\/positeams"]}]}},"_links":{"self":[{"href":"https:\/\/www.positeams.com\/en\/wp-json\/wp\/v2\/pages\/1668","targetHints":{"allow":["GET"]}}],"collection":[{"href":"https:\/\/www.positeams.com\/en\/wp-json\/wp\/v2\/pages"}],"about":[{"href":"https:\/\/www.positeams.com\/en\/wp-json\/wp\/v2\/types\/page"}],"author":[{"embeddable":true,"href":"https:\/\/www.positeams.com\/en\/wp-json\/wp\/v2\/users\/1"}],"replies":[{"embeddable":true,"href":"https:\/\/www.positeams.com\/en\/wp-json\/wp\/v2\/comments?post=1668"}],"version-history":[{"count":26,"href":"https:\/\/www.positeams.com\/en\/wp-json\/wp\/v2\/pages\/1668\/revisions"}],"predecessor-version":[{"id":2207,"href":"https:\/\/www.positeams.com\/en\/wp-json\/wp\/v2\/pages\/1668\/revisions\/2207"}],"wp:attachment":[{"href":"https:\/\/www.positeams.com\/en\/wp-json\/wp\/v2\/media?parent=1668"}],"curies":[{"name":"wp","href":"https:\/\/api.w.org\/{rel}","templated":true}]}}