{"id":2253,"date":"2024-11-11T10:17:05","date_gmt":"2024-11-11T10:17:05","guid":{"rendered":"https:\/\/www.positeams.com\/?page_id=2253"},"modified":"2024-11-13T15:56:01","modified_gmt":"2024-11-13T15:56:01","slug":"demo-fb","status":"publish","type":"page","link":"https:\/\/www.positeams.com\/en\/demo-fb\/","title":{"rendered":"Positeams Demo"},"content":{"rendered":"<div data-elementor-type=\"wp-page\" data-elementor-id=\"2253\" class=\"elementor elementor-2253\">\n\t\t\t\t<div class=\"elementor-element elementor-element-22d4b3c e-grid e-con-boxed wpr-particle-no wpr-jarallax-no wpr-parallax-no wpr-sticky-section-no e-con e-parent\" data-id=\"22d4b3c\" data-element_type=\"container\">\n\t\t\t\t\t<div class=\"e-con-inner\">\n\t\t<div class=\"elementor-element elementor-element-f018714 e-flex e-con-boxed wpr-particle-no wpr-jarallax-no wpr-parallax-no wpr-sticky-section-no e-con e-child\" data-id=\"f018714\" data-element_type=\"container\">\n\t\t\t\t\t<div class=\"e-con-inner\">\n\t\t\t\t<div class=\"elementor-element elementor-element-5d7a87e elementor-widget elementor-widget-heading\" data-id=\"5d7a87e\" data-element_type=\"widget\" data-widget_type=\"heading.default\">\n\t\t\t\t<div class=\"elementor-widget-container\">\n\t\t\t<h2 class=\"elementor-heading-title elementor-size-default\">Votre Enqu\u00eate Annuelle<br>en 5 minutes!<\/h2>\t\t<\/div>\n\t\t\t\t<\/div>\n\t\t\t\t<div class=\"elementor-element elementor-element-b9007d2 elementor-widget elementor-widget-heading\" data-id=\"b9007d2\" data-element_type=\"widget\" data-widget_type=\"heading.default\">\n\t\t\t\t<div class=\"elementor-widget-container\">\n\t\t\t<h5 class=\"elementor-heading-title elementor-size-default\">Utilisez notre biblioth\u00e8que de questions scientifiquement prouv\u00e9es et envoyez votre sondage en toute confiance.<\/h5>\t\t<\/div>\n\t\t\t\t<\/div>\n\t\t\t\t<div class=\"elementor-element elementor-element-c8f75f2 elementor-icon-list--layout-traditional elementor-list-item-link-full_width elementor-widget elementor-widget-icon-list\" data-id=\"c8f75f2\" data-element_type=\"widget\" data-widget_type=\"icon-list.default\">\n\t\t\t\t<div class=\"elementor-widget-container\">\n\t\t\t\t\t<ul class=\"elementor-icon-list-items\">\n\t\t\t\t\t\t\t<li class=\"elementor-icon-list-item\">\n\t\t\t\t\t\t\t\t\t\t\t<span class=\"elementor-icon-list-icon\">\n\t\t\t\t\t\t\t<svg aria-hidden=\"true\" class=\"e-font-icon-svg e-fas-check-circle\" viewbox=\"0 0 512 512\" xmlns=\"http:\/\/www.w3.org\/2000\/svg\"><path d=\"M504 256c0 136.967-111.033 248-248 248S8 392.967 8 256 119.033 8 256 8s248 111.033 248 248zM227.314 387.314l184-184c6.248-6.248 6.248-16.379 0-22.627l-22.627-22.627c-6.248-6.249-16.379-6.249-22.628 0L216 308.118l-70.059-70.059c-6.248-6.248-16.379-6.248-22.628 0l-22.627 22.627c-6.248 6.248-6.248 16.379 0 22.627l104 104c6.249 6.249 16.379 6.249 22.628.001z\"><\/path><\/svg>\t\t\t\t\t\t<\/span>\n\t\t\t\t\t\t\t\t\t\t<span class=\"elementor-icon-list-text\">45 questions pour mesurer la motivation, l'engagement, et le bien \u00eatre de vos collaborateurs<\/span>\n\t\t\t\t\t\t\t\t\t<\/li>\n\t\t\t\t\t\t\t\t<li class=\"elementor-icon-list-item\">\n\t\t\t\t\t\t\t\t\t\t\t<span class=\"elementor-icon-list-icon\">\n\t\t\t\t\t\t\t<svg aria-hidden=\"true\" class=\"e-font-icon-svg e-fas-check-circle\" viewbox=\"0 0 512 512\" xmlns=\"http:\/\/www.w3.org\/2000\/svg\"><path d=\"M504 256c0 136.967-111.033 248-248 248S8 392.967 8 256 119.033 8 256 8s248 111.033 248 248zM227.314 387.314l184-184c6.248-6.248 6.248-16.379 0-22.627l-22.627-22.627c-6.248-6.249-16.379-6.249-22.628 0L216 308.118l-70.059-70.059c-6.248-6.248-16.379-6.248-22.628 0l-22.627 22.627c-6.248 6.248-6.248 16.379 0 22.627l104 104c6.249 6.249 16.379 6.249 22.628.001z\"><\/path><\/svg>\t\t\t\t\t\t<\/span>\n\t\t\t\t\t\t\t\t\t\t<span class=\"elementor-icon-list-text\">Des analyses avanc\u00e9es et des suggestions pour prendre des d\u00e9cisions bas\u00e9es sur la data<\/span>\n\t\t\t\t\t\t\t\t\t<\/li>\n\t\t\t\t\t\t\t\t<li class=\"elementor-icon-list-item\">\n\t\t\t\t\t\t\t\t\t\t\t<span class=\"elementor-icon-list-icon\">\n\t\t\t\t\t\t\t<svg aria-hidden=\"true\" class=\"e-font-icon-svg e-fas-check-circle\" viewbox=\"0 0 512 512\" xmlns=\"http:\/\/www.w3.org\/2000\/svg\"><path d=\"M504 256c0 136.967-111.033 248-248 248S8 392.967 8 256 119.033 8 256 8s248 111.033 248 248zM227.314 387.314l184-184c6.248-6.248 6.248-16.379 0-22.627l-22.627-22.627c-6.248-6.249-16.379-6.249-22.628 0L216 308.118l-70.059-70.059c-6.248-6.248-16.379-6.248-22.628 0l-22.627 22.627c-6.248 6.248-6.248 16.379 0 22.627l104 104c6.249 6.249 16.379 6.249 22.628.001z\"><\/path><\/svg>\t\t\t\t\t\t<\/span>\n\t\t\t\t\t\t\t\t\t\t<span class=\"elementor-icon-list-text\">Module de gestion d'actions pour mettre en place et suivre vos actions<\/span>\n\t\t\t\t\t\t\t\t\t<\/li>\n\t\t\t\t\t\t<\/ul>\n\t\t\t\t<\/div>\n\t\t\t\t<\/div>\n\t\t\t\t<div class=\"elementor-element elementor-element-3986176 wpr-advanced-text-style-highlighted wpr-animated-text-infinite-yes elementor-widget elementor-widget-wpr-advanced-text\" data-id=\"3986176\" data-element_type=\"widget\" data-settings=\"{&quot;anim_loop&quot;:&quot;yes&quot;}\" data-widget_type=\"wpr-advanced-text.default\">\n\t\t\t\t<div class=\"elementor-widget-container\">\n\t\t\t\n\t\t<h5 class=\"wpr-advanced-text translation-block\"><span class=\"wpr-advanced-text-preffix\">Used by more than<\/span>\n\t\t\t\n\t\t<span class=\"wpr-highlighted-text\">\n\t\t\t\t\t\n\t\t\t<span class=\"wpr-highlighted-text-inner\">20000 employees<\/span>\n\n\t\t\t\n\t\t\t\t\t\t\t\t\n\t\t\t\t\t\t\t\n\t\t\t\t\t<\/span><\/h5>\n\t\t\n\t\t\t\t<\/div>\n\t\t\t\t<\/div>\n\t\t<div class=\"elementor-element elementor-element-e2d5eb8 e-grid e-con-boxed wpr-particle-no wpr-jarallax-no wpr-parallax-no wpr-sticky-section-no e-con e-child\" data-id=\"e2d5eb8\" data-element_type=\"container\">\n\t\t\t\t\t<div class=\"e-con-inner\">\n\t\t\t\t<div class=\"elementor-element elementor-element-3966183 elementor-widget__width-auto elementor-widget elementor-widget-image\" data-id=\"3966183\" data-element_type=\"widget\" data-widget_type=\"image.default\">\n\t\t\t\t<div class=\"elementor-widget-container\">\n\t\t\t\t\t\t\t\t\t\t\t\t\t<img decoding=\"async\" width=\"150\" height=\"150\" src=\"https:\/\/www.positeams.com\/wp-content\/uploads\/2023\/08\/attijariwafa-bank-logo-C08B67AB15-seeklogo.com_-150x150.png\" class=\"attachment-thumbnail size-thumbnail wp-image-1822\" alt=\"\" \/>\t\t\t\t\t\t\t\t\t\t\t\t\t<\/div>\n\t\t\t\t<\/div>\n\t\t\t\t<div class=\"elementor-element elementor-element-e8182a6 elementor-widget__width-initial elementor-widget elementor-widget-image\" data-id=\"e8182a6\" data-element_type=\"widget\" data-widget_type=\"image.default\">\n\t\t\t\t<div class=\"elementor-widget-container\">\n\t\t\t\t\t\t\t\t\t\t\t\t\t<img decoding=\"async\" width=\"300\" height=\"65\" src=\"https:\/\/www.positeams.com\/wp-content\/uploads\/2023\/08\/inwi-logo.png\" class=\"attachment-large size-large wp-image-1823\" alt=\"\" \/>\t\t\t\t\t\t\t\t\t\t\t\t\t<\/div>\n\t\t\t\t<\/div>\n\t\t\t\t<div class=\"elementor-element elementor-element-bef58e3 elementor-widget elementor-widget-image\" data-id=\"bef58e3\" data-element_type=\"widget\" data-widget_type=\"image.default\">\n\t\t\t\t<div class=\"elementor-widget-container\">\n\t\t\t\t\t\t\t\t\t\t\t\t\t<img fetchpriority=\"high\" decoding=\"async\" width=\"413\" height=\"122\" src=\"https:\/\/www.positeams.com\/wp-content\/uploads\/2024\/11\/narevalogo.png\" class=\"attachment-large size-large wp-image-2261\" alt=\"\" srcset=\"https:\/\/www.positeams.com\/wp-content\/uploads\/2024\/11\/narevalogo.png 413w, https:\/\/www.positeams.com\/wp-content\/uploads\/2024\/11\/narevalogo-300x89.png 300w, https:\/\/www.positeams.com\/wp-content\/uploads\/2024\/11\/narevalogo-18x5.png 18w\" sizes=\"(max-width: 413px) 100vw, 413px\" \/>\t\t\t\t\t\t\t\t\t\t\t\t\t<\/div>\n\t\t\t\t<\/div>\n\t\t\t\t\t<\/div>\n\t\t\t\t<\/div>\n\t\t\t\t\t<\/div>\n\t\t\t\t<\/div>\n\t\t<div class=\"elementor-element elementor-element-8707634 e-con-full e-flex wpr-particle-no wpr-jarallax-no wpr-parallax-no wpr-sticky-section-no e-con e-child\" data-id=\"8707634\" data-element_type=\"container\" data-settings=\"{&quot;background_background&quot;:&quot;classic&quot;}\">\n\t\t\t\t<div class=\"elementor-element elementor-element-ec0d340 elementor-widget elementor-widget-heading\" data-id=\"ec0d340\" data-element_type=\"widget\" data-widget_type=\"heading.default\">\n\t\t\t\t<div class=\"elementor-widget-container\">\n\t\t\t<h2 class=\"elementor-heading-title elementor-size-default\">Schedule a demo<\/h2>\t\t<\/div>\n\t\t\t\t<\/div>\n\t\t\t\t<div class=\"elementor-element elementor-element-3e9932a elementor-widget elementor-widget-heading\" data-id=\"3e9932a\" data-element_type=\"widget\" data-widget_type=\"heading.default\">\n\t\t\t\t<div class=\"elementor-widget-container\">\n\t\t\t<div class=\"elementor-heading-title elementor-size-default\">Simplifiez la gestion d'envoi de votre enqu\u00eate salari\u00e9s. Remplissez le formulaire pour recevoir une d\u00e9mo.<\/div>\t\t<\/div>\n\t\t\t\t<\/div>\n\t\t\t\t<div class=\"elementor-element elementor-element-881f42b elementor-widget-mobile__width-inherit elementor-widget elementor-widget-wpforms\" data-id=\"881f42b\" data-element_type=\"widget\" data-widget_type=\"wpforms.default\">\n\t\t\t\t<div class=\"elementor-widget-container\">\n\t\t\t<style id=\"wpforms-css-vars-root\">\n\t\t\t\t:root {\n\t\t\t\t\t--wpforms-field-border-radius: 3px;\n--wpforms-field-border-style: solid;\n--wpforms-field-border-size: 1px;\n--wpforms-field-background-color: #ffffff;\n--wpforms-field-border-color: rgba( 0, 0, 0, 0.25 );\n--wpforms-field-border-color-spare: rgba( 0, 0, 0, 0.25 );\n--wpforms-field-text-color: rgba( 0, 0, 0, 0.7 );\n--wpforms-field-menu-color: #ffffff;\n--wpforms-label-color: rgba( 0, 0, 0, 0.85 );\n--wpforms-label-sublabel-color: rgba( 0, 0, 0, 0.55 );\n--wpforms-label-error-color: #d63637;\n--wpforms-button-border-radius: 3px;\n--wpforms-button-border-style: none;\n--wpforms-button-border-size: 1px;\n--wpforms-button-background-color: #066aab;\n--wpforms-button-border-color: #066aab;\n--wpforms-button-text-color: #ffffff;\n--wpforms-page-break-color: #066aab;\n--wpforms-background-image: none;\n--wpforms-background-position: center center;\n--wpforms-background-repeat: no-repeat;\n--wpforms-background-size: cover;\n--wpforms-background-width: 100px;\n--wpforms-background-height: 100px;\n--wpforms-background-color: rgba( 0, 0, 0, 0 );\n--wpforms-background-url: none;\n--wpforms-container-padding: 0px;\n--wpforms-container-border-style: none;\n--wpforms-container-border-width: 1px;\n--wpforms-container-border-color: #000000;\n--wpforms-container-border-radius: 3px;\n--wpforms-field-size-input-height: 43px;\n--wpforms-field-size-input-spacing: 15px;\n--wpforms-field-size-font-size: 16px;\n--wpforms-field-size-line-height: 19px;\n--wpforms-field-size-padding-h: 14px;\n--wpforms-field-size-checkbox-size: 16px;\n--wpforms-field-size-sublabel-spacing: 5px;\n--wpforms-field-size-icon-size: 1;\n--wpforms-label-size-font-size: 16px;\n--wpforms-label-size-line-height: 19px;\n--wpforms-label-size-sublabel-font-size: 14px;\n--wpforms-label-size-sublabel-line-height: 17px;\n--wpforms-button-size-font-size: 17px;\n--wpforms-button-size-height: 41px;\n--wpforms-button-size-padding-h: 15px;\n--wpforms-button-size-margin-top: 10px;\n--wpforms-container-shadow-size-box-shadow: none;\n\n\t\t\t\t}\n\t\t\t<\/style><div class=\"wpforms-container wpforms-render-modern\" id=\"wpforms-2278\"><form id=\"wpforms-form-2278\" class=\"wpforms-validate wpforms-form wpforms-ajax-form\" data-formid=\"2278\" method=\"post\" enctype=\"multipart\/form-data\" action=\"\/en\/wp-json\/wp\/v2\/pages\/2253\" data-token=\"3a8e649944c8a2b9e74e61adc483c9eb\" data-token-time=\"1777617141\" data-trp-original-action=\"\/en\/wp-json\/wp\/v2\/pages\/2253\"><noscript class=\"wpforms-error-noscript\">Please enable JavaScript in your browser to complete this form.<\/noscript><div class=\"wpforms-hidden\" id=\"wpforms-error-noscript\">Please enable JavaScript in your browser to complete this form.<\/div><div class=\"wpforms-field-container\"><div id=\"wpforms-2278-field_1-container\" class=\"wpforms-field wpforms-field-text\" data-field-id=\"1\"><label class=\"wpforms-field-label\" for=\"wpforms-2278-field_1\">Nom <span class=\"wpforms-required-label\" aria-hidden=\"true\">*<\/span><\/label><input type=\"text\" id=\"wpforms-2278-field_1\" class=\"wpforms-field-large wpforms-field-required\" name=\"wpforms[fields][1]\" aria-errormessage=\"wpforms-2278-field_1-error\" required><\/div><div id=\"wpforms-2278-field_2-container\" class=\"wpforms-field wpforms-field-email\" data-field-id=\"2\"><label class=\"wpforms-field-label\" for=\"wpforms-2278-field_2\">Business email <span class=\"wpforms-required-label\" aria-hidden=\"true\">*<\/span><\/label><input type=\"email\" id=\"wpforms-2278-field_2\" class=\"wpforms-field-large wpforms-field-required\" name=\"wpforms[fields][2]\" spellcheck=\"false\" aria-errormessage=\"wpforms-2278-field_2-error\" required><\/div><div id=\"wpforms-2278-field_3-container\" class=\"wpforms-field wpforms-field-number\" data-field-id=\"3\"><label class=\"wpforms-field-label\" for=\"wpforms-2278-field_3\">T\u00e9l\u00e9phone <span class=\"wpforms-required-label\" aria-hidden=\"true\">*<\/span><\/label><input type=\"number\" id=\"wpforms-2278-field_3\" class=\"wpforms-field-large wpforms-field-required\" name=\"wpforms[fields][3]\" aria-errormessage=\"wpforms-2278-field_3-error\" required><\/div><\/div><!-- .wpforms-field-container --><div class=\"wpforms-submit-container\" ><input type=\"hidden\" name=\"wpforms[id]\" value=\"2278\"><input type=\"hidden\" name=\"page_title\" value=\"\"><input type=\"hidden\" name=\"page_url\" value=\"https:\/\/www.positeams.com\/en\/wp-json\/wp\/v2\/pages\/2253\"><button type=\"submit\" name=\"wpforms[submit]\" id=\"wpforms-submit-2278\" class=\"wpforms-submit\" data-alt-text=\"Sending...\" data-submit-text=\"Envoyez\" aria-live=\"assertive\" value=\"wpforms-submit\">Envoyez<\/button><img loading=\"lazy\" decoding=\"async\" src=\"https:\/\/www.positeams.com\/wp-content\/plugins\/wpforms-lite\/assets\/images\/submit-spin.svg\" class=\"wpforms-submit-spinner\" style=\"display: none;\" width=\"26\" height=\"26\" alt=\"Loading\"><\/div><input type=\"hidden\" name=\"trp-form-language\" value=\"en\"\/><\/form><\/div>  <!-- .wpforms-container -->\t\t<\/div>\n\t\t\t\t<\/div>\n\t\t\t\t<\/div>\n\t\t\t\t\t<\/div>\n\t\t\t\t<\/div>\n\t\t<div class=\"elementor-element elementor-element-d8ad70a e-grid e-con-boxed wpr-particle-no wpr-jarallax-no wpr-parallax-no wpr-sticky-section-no e-con e-parent\" data-id=\"d8ad70a\" data-element_type=\"container\">\n\t\t\t\t\t<div class=\"e-con-inner\">\n\t\t\t\t<div class=\"elementor-element elementor-element-5d20ae2 elementor-widget elementor-widget-heading\" data-id=\"5d20ae2\" data-element_type=\"widget\" data-widget_type=\"heading.default\">\n\t\t\t\t<div class=\"elementor-widget-container\">\n\t\t\t<h6 class=\"elementor-heading-title elementor-size-default\"><a href=\"https:\/\/www.positeams.com\/en\/cgu\/\">CGU | PRIVACY POLICY<\/a><\/h6>\t\t<\/div>\n\t\t\t\t<\/div>\n\t\t\t\t\t<\/div>\n\t\t\t\t<\/div>\n\t\t\t\t<\/div>","protected":false},"excerpt":{"rendered":"<p>Votre Enqu\u00eate Annuelleen 5 minutes! Utilisez notre biblioth\u00e8que de questions scientifiquement prouv\u00e9es et envoyez votre sondage en toute confiance. 45 questions pour mesurer la motivation, l&rsquo;engagement, et le bien \u00eatre de vos collaborateurs Des analyses avanc\u00e9es et des suggestions pour prendre des d\u00e9cisions bas\u00e9es sur la data Module de gestion d&rsquo;actions pour mettre en place &hellip;<\/p>\n<p class=\"read-more\"> <a class=\"\" href=\"https:\/\/www.positeams.com\/en\/demo-fb\/\"> <span class=\"screen-reader-text\">Positeams Demo<\/span> Read More &raquo;<\/a><\/p>","protected":false},"author":1,"featured_media":0,"parent":0,"menu_order":0,"comment_status":"closed","ping_status":"closed","template":"","meta":{"_monsterinsights_skip_tracking":false,"_monsterinsights_sitenote_active":false,"_monsterinsights_sitenote_note":"","_monsterinsights_sitenote_category":0,"site-sidebar-layout":"no-sidebar","site-content-layout":"page-builder","ast-global-header-display":"disabled","ast-banner-title-visibility":"","ast-main-header-display":"","ast-hfb-above-header-display":"","ast-hfb-below-header-display":"","ast-hfb-mobile-header-display":"","site-post-title":"disabled","ast-breadcrumbs-content":"","ast-featured-img":"disabled","footer-sml-layout":"disabled","theme-transparent-header-meta":"","adv-header-id-meta":"","stick-header-meta":"","header-above-stick-meta":"","header-main-stick-meta":"","header-below-stick-meta":"","footnotes":""},"class_list":["post-2253","page","type-page","status-publish","hentry"],"yoast_head":"<!-- This site is optimized with the Yoast SEO plugin v23.8 - https:\/\/yoast.com\/wordpress\/plugins\/seo\/ -->\n<title>Positeams Demo - Positeams: Plateforme Engagement Collaborateurs<\/title>\n<meta name=\"robots\" content=\"index, follow, max-snippet:-1, max-image-preview:large, max-video-preview:-1\" \/>\n<link rel=\"canonical\" href=\"https:\/\/www.positeams.com\/en\/demo-copy\/\" \/>\n<meta property=\"og:locale\" content=\"en_US\" \/>\n<meta property=\"og:type\" content=\"article\" \/>\n<meta property=\"og:title\" content=\"Positeams Demo - Positeams: Plateforme Engagement Collaborateurs\" \/>\n<meta property=\"og:description\" content=\"Votre Enqu\u00eate Annuelleen 5 minutes! Utilisez notre biblioth\u00e8que de questions scientifiquement prouv\u00e9es et envoyez votre sondage en toute confiance. 45 questions pour mesurer la motivation, l&rsquo;engagement, et le bien \u00eatre de vos collaborateurs Des analyses avanc\u00e9es et des suggestions pour prendre des d\u00e9cisions bas\u00e9es sur la data Module de gestion d&rsquo;actions pour mettre en place &hellip; Positeams Demo Read More &raquo;\" \/>\n<meta property=\"og:url\" content=\"https:\/\/www.positeams.com\/en\/demo-copy\/\" \/>\n<meta property=\"og:site_name\" content=\"Positeams: Plateforme Engagement Collaborateurs\" \/>\n<meta property=\"article:modified_time\" content=\"2024-11-13T15:56:01+00:00\" \/>\n<meta property=\"og:image\" content=\"https:\/\/www.positeams.com\/wp-content\/plugins\/wpforms-lite\/assets\/images\/submit-spin.svg\" \/>\n<meta name=\"twitter:card\" content=\"summary_large_image\" \/>\n<meta name=\"twitter:label1\" content=\"Est. reading time\" \/>\n\t<meta name=\"twitter:data1\" content=\"1 minute\" \/>\n<script type=\"application\/ld+json\" class=\"yoast-schema-graph\">{\"@context\":\"https:\/\/schema.org\",\"@graph\":[{\"@type\":\"WebPage\",\"@id\":\"https:\/\/www.positeams.com\/demo-copy\/\",\"url\":\"https:\/\/www.positeams.com\/demo-copy\/\",\"name\":\"Positeams Demo - Positeams: Plateforme Engagement Collaborateurs\",\"isPartOf\":{\"@id\":\"https:\/\/www.positeams.com\/en\/#website\"},\"primaryImageOfPage\":{\"@id\":\"https:\/\/www.positeams.com\/demo-copy\/#primaryimage\"},\"image\":{\"@id\":\"https:\/\/www.positeams.com\/demo-copy\/#primaryimage\"},\"thumbnailUrl\":\"https:\/\/www.positeams.com\/wp-content\/uploads\/2023\/08\/attijariwafa-bank-logo-C08B67AB15-seeklogo.com_-150x150.png\",\"datePublished\":\"2024-11-11T10:17:05+00:00\",\"dateModified\":\"2024-11-13T15:56:01+00:00\",\"breadcrumb\":{\"@id\":\"https:\/\/www.positeams.com\/demo-copy\/#breadcrumb\"},\"inLanguage\":\"en-US\",\"potentialAction\":[{\"@type\":\"ReadAction\",\"target\":[\"https:\/\/www.positeams.com\/demo-copy\/\"]}]},{\"@type\":\"ImageObject\",\"inLanguage\":\"en-US\",\"@id\":\"https:\/\/www.positeams.com\/demo-copy\/#primaryimage\",\"url\":\"https:\/\/www.positeams.com\/wp-content\/uploads\/2023\/08\/attijariwafa-bank-logo-C08B67AB15-seeklogo.com_-150x150.png\",\"contentUrl\":\"https:\/\/www.positeams.com\/wp-content\/uploads\/2023\/08\/attijariwafa-bank-logo-C08B67AB15-seeklogo.com_-150x150.png\"},{\"@type\":\"BreadcrumbList\",\"@id\":\"https:\/\/www.positeams.com\/demo-copy\/#breadcrumb\",\"itemListElement\":[{\"@type\":\"ListItem\",\"position\":1,\"name\":\"Home\",\"item\":\"https:\/\/www.positeams.com\/\"},{\"@type\":\"ListItem\",\"position\":2,\"name\":\"Demo &#8211; Copy\"}]},{\"@type\":\"WebSite\",\"@id\":\"https:\/\/www.positeams.com\/en\/#website\",\"url\":\"https:\/\/www.positeams.com\/en\/\",\"name\":\"Positeams: Plateforme Engagement Collaborateurs\",\"description\":\"Positeams est une plateforme de gestion d&#039;engagement des salari\u00e9s.\",\"publisher\":{\"@id\":\"https:\/\/www.positeams.com\/en\/#organization\"},\"potentialAction\":[{\"@type\":\"SearchAction\",\"target\":{\"@type\":\"EntryPoint\",\"urlTemplate\":\"https:\/\/www.positeams.com\/en\/?s={search_term_string}\"},\"query-input\":{\"@type\":\"PropertyValueSpecification\",\"valueRequired\":true,\"valueName\":\"search_term_string\"}}],\"inLanguage\":\"en-US\"},{\"@type\":\"Organization\",\"@id\":\"https:\/\/www.positeams.com\/en\/#organization\",\"name\":\"Positeams\",\"url\":\"https:\/\/www.positeams.com\/en\/\",\"logo\":{\"@type\":\"ImageObject\",\"inLanguage\":\"en-US\",\"@id\":\"https:\/\/www.positeams.com\/en\/#\/schema\/logo\/image\/\",\"url\":\"https:\/\/www.positeams.com\/wp-content\/uploads\/2023\/07\/positeams_logo.png\",\"contentUrl\":\"https:\/\/www.positeams.com\/wp-content\/uploads\/2023\/07\/positeams_logo.png\",\"width\":400,\"height\":75,\"caption\":\"Positeams\"},\"image\":{\"@id\":\"https:\/\/www.positeams.com\/en\/#\/schema\/logo\/image\/\"},\"sameAs\":[\"https:\/\/www.linkedin.com\/company\/positeams\"]}]}<\/script>\n<!-- \/ Yoast SEO plugin. -->","yoast_head_json":{"title":"Positeams Demo - Positeams: Plateforme Engagement Collaborateurs","robots":{"index":"index","follow":"follow","max-snippet":"max-snippet:-1","max-image-preview":"max-image-preview:large","max-video-preview":"max-video-preview:-1"},"canonical":"https:\/\/www.positeams.com\/en\/demo-copy\/","og_locale":"en_US","og_type":"article","og_title":"Positeams Demo - Positeams: Plateforme Engagement Collaborateurs","og_description":"Votre Enqu\u00eate Annuelleen 5 minutes! Utilisez notre biblioth\u00e8que de questions scientifiquement prouv\u00e9es et envoyez votre sondage en toute confiance. 45 questions pour mesurer la motivation, l&rsquo;engagement, et le bien \u00eatre de vos collaborateurs Des analyses avanc\u00e9es et des suggestions pour prendre des d\u00e9cisions bas\u00e9es sur la data Module de gestion d&rsquo;actions pour mettre en place &hellip; Positeams Demo Read More &raquo;","og_url":"https:\/\/www.positeams.com\/en\/demo-copy\/","og_site_name":"Positeams: Plateforme Engagement Collaborateurs","article_modified_time":"2024-11-13T15:56:01+00:00","og_image":[{"url":"https:\/\/www.positeams.com\/wp-content\/plugins\/wpforms-lite\/assets\/images\/submit-spin.svg"}],"twitter_card":"summary_large_image","twitter_misc":{"Est. reading time":"1 minute"},"schema":{"@context":"https:\/\/schema.org","@graph":[{"@type":"WebPage","@id":"https:\/\/www.positeams.com\/demo-copy\/","url":"https:\/\/www.positeams.com\/demo-copy\/","name":"Positeams Demo - Positeams: Plateforme Engagement Collaborateurs","isPartOf":{"@id":"https:\/\/www.positeams.com\/en\/#website"},"primaryImageOfPage":{"@id":"https:\/\/www.positeams.com\/demo-copy\/#primaryimage"},"image":{"@id":"https:\/\/www.positeams.com\/demo-copy\/#primaryimage"},"thumbnailUrl":"https:\/\/www.positeams.com\/wp-content\/uploads\/2023\/08\/attijariwafa-bank-logo-C08B67AB15-seeklogo.com_-150x150.png","datePublished":"2024-11-11T10:17:05+00:00","dateModified":"2024-11-13T15:56:01+00:00","breadcrumb":{"@id":"https:\/\/www.positeams.com\/demo-copy\/#breadcrumb"},"inLanguage":"en-US","potentialAction":[{"@type":"ReadAction","target":["https:\/\/www.positeams.com\/demo-copy\/"]}]},{"@type":"ImageObject","inLanguage":"en-US","@id":"https:\/\/www.positeams.com\/demo-copy\/#primaryimage","url":"https:\/\/www.positeams.com\/wp-content\/uploads\/2023\/08\/attijariwafa-bank-logo-C08B67AB15-seeklogo.com_-150x150.png","contentUrl":"https:\/\/www.positeams.com\/wp-content\/uploads\/2023\/08\/attijariwafa-bank-logo-C08B67AB15-seeklogo.com_-150x150.png"},{"@type":"BreadcrumbList","@id":"https:\/\/www.positeams.com\/demo-copy\/#breadcrumb","itemListElement":[{"@type":"ListItem","position":1,"name":"Home","item":"https:\/\/www.positeams.com\/"},{"@type":"ListItem","position":2,"name":"Demo &#8211; Copy"}]},{"@type":"WebSite","@id":"https:\/\/www.positeams.com\/en\/#website","url":"https:\/\/www.positeams.com\/en\/","name":"Positeams: Plateforme Engagement Collaborateurs","description":"Positeams est une plateforme de gestion d&#039;engagement des salari\u00e9s.","publisher":{"@id":"https:\/\/www.positeams.com\/en\/#organization"},"potentialAction":[{"@type":"SearchAction","target":{"@type":"EntryPoint","urlTemplate":"https:\/\/www.positeams.com\/en\/?s={search_term_string}"},"query-input":{"@type":"PropertyValueSpecification","valueRequired":true,"valueName":"search_term_string"}}],"inLanguage":"en-US"},{"@type":"Organization","@id":"https:\/\/www.positeams.com\/en\/#organization","name":"Positeams","url":"https:\/\/www.positeams.com\/en\/","logo":{"@type":"ImageObject","inLanguage":"en-US","@id":"https:\/\/www.positeams.com\/en\/#\/schema\/logo\/image\/","url":"https:\/\/www.positeams.com\/wp-content\/uploads\/2023\/07\/positeams_logo.png","contentUrl":"https:\/\/www.positeams.com\/wp-content\/uploads\/2023\/07\/positeams_logo.png","width":400,"height":75,"caption":"Positeams"},"image":{"@id":"https:\/\/www.positeams.com\/en\/#\/schema\/logo\/image\/"},"sameAs":["https:\/\/www.linkedin.com\/company\/positeams"]}]}},"_links":{"self":[{"href":"https:\/\/www.positeams.com\/en\/wp-json\/wp\/v2\/pages\/2253","targetHints":{"allow":["GET"]}}],"collection":[{"href":"https:\/\/www.positeams.com\/en\/wp-json\/wp\/v2\/pages"}],"about":[{"href":"https:\/\/www.positeams.com\/en\/wp-json\/wp\/v2\/types\/page"}],"author":[{"embeddable":true,"href":"https:\/\/www.positeams.com\/en\/wp-json\/wp\/v2\/users\/1"}],"replies":[{"embeddable":true,"href":"https:\/\/www.positeams.com\/en\/wp-json\/wp\/v2\/comments?post=2253"}],"version-history":[{"count":26,"href":"https:\/\/www.positeams.com\/en\/wp-json\/wp\/v2\/pages\/2253\/revisions"}],"predecessor-version":[{"id":2297,"href":"https:\/\/www.positeams.com\/en\/wp-json\/wp\/v2\/pages\/2253\/revisions\/2297"}],"wp:attachment":[{"href":"https:\/\/www.positeams.com\/en\/wp-json\/wp\/v2\/media?parent=2253"}],"curies":[{"name":"wp","href":"https:\/\/api.w.org\/{rel}","templated":true}]}}